{"id":10771,"date":"2022-02-08T19:06:18","date_gmt":"2022-02-08T18:06:18","guid":{"rendered":"https:\/\/www.seteriemosconi.com\/contatti\/"},"modified":"2024-09-03T14:03:18","modified_gmt":"2024-09-03T13:03:18","slug":"contacts","status":"publish","type":"page","link":"https:\/\/www.seteriemosconi.com\/fr\/contacts\/","title":{"rendered":"Contacts"},"content":{"rendered":"<div>Contacts<\/div>\n<h1>Objets promotionnels pour entreprises<\/h1>\n<h2>Avez-vous besoin de plus d&rsquo;informations sur nos produits?<\/h2>\n<div>Envoyez-nous votre demande d&rsquo;informations en remplissant le formulaire ci-dessous dans son int\u00e9gralit\u00e9.<br \/>\nNous vous r\u00e9pondrons dans les plus brefs d\u00e9lais.<\/div>\n<div>\n<p>    <script charset=\"utf-8\" type=\"text\/javascript\" src=\"\/\/js.hsforms.net\/forms\/embed\/v2.js\"><\/script><br \/>\n<script>\n  hbspt.forms.create({\n    region: \"na1\",\n    portalId: \"7473401\",\n    formId: \"84bb6809-7aab-491b-9fcb-c36afc0749ee\"\n  });\n<\/script>\n<\/div>\n<h2>Adresse<\/h2>\n<div>\n<p>Via Cantaluppi 117\/A,<strong><br \/><\/strong>22030 Lipomo (CO)<br \/>Italie<\/p>\n<\/div>\n<h2>Contacts<\/h2>\n<ul>\n<li>\n<p><a href=\"tel: +390314972298\"><\/p>\n<p>+39 0314972298<\/p>\n<p><\/a><\/p>\n<\/li>\n<li>\n<p><a href=\"tel:+393371084751\"><\/p>\n<p>+39 3371084751<\/p>\n<p><\/a><\/p>\n<\/li>\n<li>\n<p><a href=\"tel:+393356906992\"><\/p>\n<p>+39 3356906992<\/p>\n<p><\/a><\/p>\n<\/li>\n<li>\n<p><a href=\"mailto:info@seteriemosconi.com\"><\/p>\n<p>info@seteriemosconi.com<\/p>\n<p><\/a><\/p>\n<\/li>\n<\/ul>\n<h2>R\u00e9seaux sociaux<\/h2>\n<ul>\n<li><a href=\"https:\/\/www.linkedin.com\/company\/seterie-mosconi-ties-and-scarves\/\">linkedin<\/a>\n<\/li>\n<li><a href=\"https:\/\/www.facebook.com\/SeterieMosconi\/\">facebook<\/a>\n<\/li>\n<li><a href=\"https:\/\/instagram.com\/seterie_mosconi\">instagram<\/a>\n<\/li>\n<\/ul>\n<h1>O\u00f9 nous sommes<\/h1>\n<div>\n<p>Via Cantaluppi 117\/A, 22030 Lipomo (CO) Italie<\/p>\n<\/div>\n<div>\n<p>    <iframe src=\"https:\/\/www.google.com\/maps\/embed?pb=!1m18!1m12!1m3!1d2781.814702226764!2d9.121581315531758!3d45.79493987910625!2m3!1f0!2f0!3f0!3m2!1i1024!2i768!4f13.1!3m3!1m2!1s0x47869e92f8390871%3A0xd4fbf328758df1c9!2sVia%20E.%20Cantaluppi%2C%20117A%2C%2022030%20Lipomo%20CO!5e0!3m2!1sit!2sit!4v1680601535861!5m2!1sit!2sit\" width=100% height=\"450\" style=\"border:0;\" allowfullscreen=\"\" loading=\"lazy\" referrerpolicy=\"no-referrer-when-downgrade\"><\/iframe>\n<\/div>\n<p><!--more--><br \/>\n<!-- {\"name\":\"Contact\",\"type\":\"layout\",\"children\":[{\"type\":\"section\",\"props\":{\"image_position\":\"center-center\",\"style\":\"muted\",\"title_breakpoint\":\"xl\",\"title_position\":\"top-left\",\"title_rotation\":\"left\",\"vertical_align\":\"\",\"width\":\"default\"},\"children\":[{\"type\":\"row\",\"props\":{\"column_gap\":\"large\",\"layout\":\"3-4,1-4\",\"row_gap\":\"large\"},\"children\":[{\"type\":\"column\",\"props\":{\"image_position\":\"center-center\",\"position_sticky_breakpoint\":\"m\",\"width_medium\":\"3-4\"},\"children\":[{\"type\":\"headline\",\"props\":{\"content\":\"Contacts\",\"margin\":\"small\",\"text_align\":\"left\",\"text_align_breakpoint\":\"m\",\"text_align_fallback\":\"center\",\"title_color\":\"primary\",\"title_decoration\":\"line\",\"title_element\":\"div\",\"title_style\":\"heading-medium\"}},{\"type\":\"headline\",\"props\":{\"content\":\"Objets promotionnels pour entreprises\",\"margin\":\"small\",\"text_align\":\"left\",\"text_align_breakpoint\":\"m\",\"text_align_fallback\":\"center\",\"title_element\":\"h1\",\"title_font_family\":\"secondary\",\"title_style\":\"h4\"}}]},{\"type\":\"column\",\"props\":{\"image_position\":\"center-center\",\"position_sticky_breakpoint\":\"m\",\"vertical_align\":\"middle\",\"width_medium\":\"1-4\"}}]}],\"name\":\"hero Blog\",\"modified\":\"2022-02-09T11:09:27.914Z\"},{\"type\":\"section\",\"props\":{\"image_position\":\"center-center\",\"padding\":\"none\",\"style\":\"default\",\"title_breakpoint\":\"xl\",\"title_position\":\"top-left\",\"title_rotation\":\"left\",\"vertical_align\":\"\",\"width\":\"default\"},\"children\":[{\"type\":\"row\",\"children\":[{\"type\":\"column\",\"props\":{\"image_position\":\"center-center\",\"position_sticky_breakpoint\":\"m\"},\"children\":[{\"type\":\"breadcrumbs\",\"props\":{\"show_current\":true,\"show_home\":true}}]}]}],\"name\":\"sezione Breadcrumbs\"},{\"name\":\"Contact\",\"type\":\"section\",\"props\":{\"animation\":\"fade\",\"image_position\":\"center-center\",\"image_size\":\"cover\",\"media\":\"images\\\/demo\\\/demo-image_01.jpg\",\"padding\":\"large\",\"padding_remove_bottom\":true,\"style\":\"default\",\"title_breakpoint\":\"xl\",\"title_position\":\"top-left\",\"title_rotation\":\"left\",\"vertical_align\":\"\",\"width\":\"default\"},\"children\":[{\"type\":\"row\",\"children\":[{\"type\":\"column\",\"props\":{\"image_position\":\"center-center\",\"position_sticky_breakpoint\":\"m\",\"width_medium\":\"1-1\"},\"children\":[{\"type\":\"headline\",\"props\":{\"content\":\"Avez-vous besoin de plus d'informations sur nos produits?\",\"maxwidth\":\"2xlarge\",\"text_align\":\"left\",\"title_element\":\"h2\"}},{\"type\":\"divider\",\"props\":{\"divider_element\":\"div\",\"divider_style\":\"small\"}},{\"type\":\"text\",\"props\":{\"column_breakpoint\":\"m\",\"content\":\"Envoyez-nous votre demande d'informations en remplissant le formulaire ci-dessous dans son int\\u00e9gralit\\u00e9.\\nNous vous r\\u00e9pondrons dans les plus brefs d\\u00e9lais.\",\"margin\":\"medium\",\"maxwidth\":\"xlarge\",\"text_align\":\"left\"}},{\"type\":\"html\",\"props\":{\"content\":\"<script charset=\\\"utf-8\\\" type=\\\"text\\\/javascript\\\" src=\\\"\\\/\\\/js.hsforms.net\\\/forms\\\/embed\\\/v2.js\\\"><\\\/script>\\n<script>\\n  hbspt.forms.create({\\n    region: \\\"na1\\\",\\n    portalId: \\\"7473401\\\",\\n    formId: \\\"84bb6809-7aab-491b-9fcb-c36afc0749ee\\\"\\n  });\\n<\\\/script>\"}}]}]},{\"type\":\"row\",\"props\":{\"column_gap\":\"large\",\"id\":\"mappa\",\"layout\":\"1-3,1-3,1-3\",\"margin\":\"xlarge\",\"row_gap\":\"large\",\"width\":\"default\"},\"children\":[{\"type\":\"column\",\"props\":{\"image_position\":\"center-center\",\"position_sticky_breakpoint\":\"m\",\"width_medium\":\"1-3\"},\"children\":[{\"type\":\"headline\",\"props\":{\"content\":\"Adresse\",\"margin\":\"medium\",\"margin_remove_bottom\":true,\"title_decoration\":\"divider\",\"title_element\":\"h2\",\"title_font_family\":\"secondary\",\"title_style\":\"h4\"}},{\"type\":\"text\",\"props\":{\"column_breakpoint\":\"m\",\"content\":\"\n\n<p>Via Cantaluppi 117\\\/A,<strong><br \\\/><\\\/strong>22030 Lipomo (CO)<br \\\/>Italie<br \\\/><br \\\/><\\\/p>\",\"margin\":\"default\",\"text_align\":\"left\"}}]},{\"type\":\"column\",\"props\":{\"image_position\":\"center-center\",\"position_sticky_breakpoint\":\"m\",\"width_medium\":\"1-3\"},\"children\":[{\"type\":\"headline\",\"props\":{\"content\":\"Contacts\",\"margin\":\"medium\",\"margin_remove_bottom\":true,\"title_decoration\":\"divider\",\"title_element\":\"h2\",\"title_font_family\":\"secondary\",\"title_style\":\"h4\"}},{\"type\":\"list\",\"props\":{\"column_breakpoint\":\"m\",\"image_align\":\"left\",\"image_svg_color\":\"emphasis\",\"image_vertical_align\":true,\"list_element\":\"ul\",\"list_horizontal_separator\":\", \",\"list_size\":\"large\",\"list_type\":\"vertical\",\"show_image\":true,\"show_link\":true},\"children\":[{\"type\":\"list_item\",\"props\":{\"content\":\"\n\n<p>+39 0314972298<\\\/p>\",\"icon\":\"receiver\",\"link\":\"tel: +390314972298\"}},{\"type\":\"list_item\",\"props\":{\"content\":\"\n\n<p>+39 3371084751<\\\/p>\",\"icon\":\"receiver\",\"link\":\"tel:+393371084751\"}},{\"type\":\"list_item\",\"props\":{\"content\":\"\n\n<p>+39 3356906992<\\\/p>\",\"icon\":\"receiver\",\"link\":\"tel:+393356906992\"}},{\"type\":\"list_item\",\"props\":{\"content\":\"\n\n<p>info@seteriemosconi.com<\\\/p>\",\"icon\":\"mail\",\"link\":\"mailto:info@seteriemosconi.com\"}}]}]},{\"type\":\"column\",\"props\":{\"image_position\":\"center-center\",\"position_sticky_breakpoint\":\"m\",\"width_medium\":\"1-3\"},\"children\":[{\"type\":\"headline\",\"props\":{\"content\":\"R\\u00e9seaux sociaux\",\"margin_remove_bottom\":false,\"title_decoration\":\"divider\",\"title_element\":\"h2\",\"title_font_family\":\"secondary\",\"title_style\":\"h4\"}},{\"type\":\"social\",\"props\":{\"grid\":\"horizontal\",\"grid_column_gap\":\"medium\",\"grid_gap\":\"small\",\"grid_row_gap\":\"medium\",\"image_svg_inline\":true,\"link_style\":\"button\",\"link_target\":true,\"margin\":\"default\"},\"children\":[{\"type\":\"social_item\",\"props\":{\"link\":\"https:\\\/\\\/www.linkedin.com\\\/company\\\/seterie-mosconi-ties-and-scarves\\\/\"}},{\"type\":\"social_item\",\"props\":{\"link\":\"https:\\\/\\\/www.facebook.com\\\/SeterieMosconi\\\/\"}},{\"type\":\"social_item\",\"props\":{\"link\":\"https:\\\/\\\/instagram.com\\\/seterie_mosconi\"}}]}]}]},{\"type\":\"row\",\"children\":[{\"type\":\"column\",\"props\":{\"image_position\":\"center-center\",\"position_sticky_breakpoint\":\"m\"}}]}]},{\"type\":\"section\",\"props\":{\"image_position\":\"center-center\",\"padding\":\"small\",\"padding_remove_top\":true,\"style\":\"default\",\"title_breakpoint\":\"xl\",\"title_position\":\"top-left\",\"title_rotation\":\"left\",\"vertical_align\":\"\",\"width\":\"default\"},\"children\":[{\"type\":\"row\",\"children\":[{\"type\":\"column\",\"props\":{\"image_position\":\"center-center\",\"position_sticky_breakpoint\":\"m\"},\"children\":[{\"type\":\"headline\",\"props\":{\"content\":\"O\\u00f9 nous sommes\",\"title_element\":\"h1\"}},{\"type\":\"text\",\"props\":{\"column_breakpoint\":\"m\",\"content\":\"\n\n<p>Via Cantaluppi 117\\\/A, 22030 Lipomo (CO) Italie<br \\\/><br \\\/><\\\/p>\",\"margin\":\"default\"}}]}]}]},{\"name\":\"Map\",\"type\":\"section\",\"props\":{\"image_position\":\"center-center\",\"padding\":\"none\",\"style\":\"default\",\"title_breakpoint\":\"xl\",\"title_position\":\"top-left\",\"title_rotation\":\"left\",\"vertical_align\":\"\",\"width\":\"\"},\"children\":[{\"type\":\"row\",\"children\":[{\"type\":\"column\",\"props\":{\"image_position\":\"center-center\",\"position_sticky_breakpoint\":\"m\",\"width_medium\":\"1-1\"},\"children\":[{\"type\":\"html\",\"props\":{\"content\":\"<iframe src=\\\"https:\\\/\\\/www.google.com\\\/maps\\\/embed?pb=!1m18!1m12!1m3!1d2781.814702226764!2d9.121581315531758!3d45.79493987910625!2m3!1f0!2f0!3f0!3m2!1i1024!2i768!4f13.1!3m3!1m2!1s0x47869e92f8390871%3A0xd4fbf328758df1c9!2sVia%20E.%20Cantaluppi%2C%20117A%2C%2022030%20Lipomo%20CO!5e0!3m2!1sit!2sit!4v1680601535861!5m2!1sit!2sit\\\" width=100% height=\\\"450\\\" style=\\\"border:0;\\\" allowfullscreen=\\\"\\\" loading=\\\"lazy\\\" referrerpolicy=\\\"no-referrer-when-downgrade\\\"><\\\/iframe>\"}}]}]}]}],\"version\":\"4.4.5\"} --><\/p>\n","protected":false},"excerpt":{"rendered":"<p>Contacts Objets promotionnels pour entreprises Avez-vous besoin de plus d&rsquo;informations sur nos produits? Envoyez-nous votre demande d&rsquo;informations en remplissant le formulaire ci-dessous dans son int\u00e9gralit\u00e9. Nous vous r\u00e9pondrons dans les plus brefs d\u00e9lais. Adresse Via Cantaluppi 117\/A,22030 Lipomo (CO)Italie Contacts +39 0314972298 +39 3371084751 +39 3356906992 info@seteriemosconi.com R\u00e9seaux sociaux linkedin facebook instagram O\u00f9 nous sommes [&hellip;]<\/p>\n","protected":false},"author":1,"featured_media":10398,"parent":0,"menu_order":0,"comment_status":"closed","ping_status":"closed","template":"","meta":{"_acf_changed":false,"footnotes":""},"class_list":["post-10771","page","type-page","status-publish","has-post-thumbnail","hentry"],"acf":[],"yoast_head":"<!-- This site is optimized with the Yoast SEO plugin v24.6 - https:\/\/yoast.com\/wordpress\/plugins\/seo\/ -->\n<title>Contacts - Articles promotionnels C\u00f4me - Seterie Mosconi<\/title>\n<meta name=\"description\" content=\"Vous souhaitez plus d\u2019informations sur les produits et articles promotionnels Como ? Retrouvez nos contacts Silerie Mosconi pour informations et communications\" \/>\n<meta name=\"robots\" content=\"index, follow, max-snippet:-1, max-image-preview:large, max-video-preview:-1\" \/>\n<link rel=\"canonical\" href=\"https:\/\/www.seteriemosconi.com\/fr\/contacts\/\" \/>\n<meta property=\"og:locale\" content=\"fr_FR\" \/>\n<meta property=\"og:type\" content=\"article\" \/>\n<meta property=\"og:title\" content=\"Contacts - Articles promotionnels C\u00f4me - Seterie Mosconi\" \/>\n<meta property=\"og:description\" content=\"Vous souhaitez plus d\u2019informations sur les produits et articles promotionnels Como ? Retrouvez nos contacts Silerie Mosconi pour informations et communications\" \/>\n<meta property=\"og:url\" content=\"https:\/\/www.seteriemosconi.com\/fr\/contacts\/\" \/>\n<meta property=\"og:site_name\" content=\"Seterie Mosconi\" \/>\n<meta property=\"article:publisher\" content=\"https:\/\/www.facebook.com\/SeterieMosconi\/\" \/>\n<meta property=\"article:modified_time\" content=\"2024-09-03T13:03:18+00:00\" \/>\n<meta property=\"og:image\" content=\"https:\/\/www.seteriemosconi.com\/wp-content\/uploads\/2021\/12\/icona-seterie-mosconi.png\" \/>\n\t<meta property=\"og:image:width\" content=\"63\" \/>\n\t<meta property=\"og:image:height\" content=\"63\" \/>\n\t<meta property=\"og:image:type\" content=\"image\/png\" \/>\n<meta name=\"twitter:card\" content=\"summary_large_image\" \/>\n<script type=\"application\/ld+json\" class=\"yoast-schema-graph\">{\"@context\":\"https:\/\/schema.org\",\"@graph\":[{\"@type\":\"WebPage\",\"@id\":\"https:\/\/www.seteriemosconi.com\/fr\/contacts\/\",\"url\":\"https:\/\/www.seteriemosconi.com\/fr\/contacts\/\",\"name\":\"Contacts - Articles promotionnels C\u00f4me - Seterie Mosconi\",\"isPartOf\":{\"@id\":\"https:\/\/www.seteriemosconi.com\/fr\/#website\"},\"primaryImageOfPage\":{\"@id\":\"https:\/\/www.seteriemosconi.com\/fr\/contacts\/#primaryimage\"},\"image\":{\"@id\":\"https:\/\/www.seteriemosconi.com\/fr\/contacts\/#primaryimage\"},\"thumbnailUrl\":\"https:\/\/www.seteriemosconi.com\/wp-content\/uploads\/2021\/12\/icona-seterie-mosconi.png\",\"datePublished\":\"2022-02-08T18:06:18+00:00\",\"dateModified\":\"2024-09-03T13:03:18+00:00\",\"description\":\"Vous souhaitez plus d\u2019informations sur les produits et articles promotionnels Como ? Retrouvez nos contacts Silerie Mosconi pour informations et communications\",\"breadcrumb\":{\"@id\":\"https:\/\/www.seteriemosconi.com\/fr\/contacts\/#breadcrumb\"},\"inLanguage\":\"fr-FR\",\"potentialAction\":[{\"@type\":\"ReadAction\",\"target\":[\"https:\/\/www.seteriemosconi.com\/fr\/contacts\/\"]}]},{\"@type\":\"ImageObject\",\"inLanguage\":\"fr-FR\",\"@id\":\"https:\/\/www.seteriemosconi.com\/fr\/contacts\/#primaryimage\",\"url\":\"https:\/\/www.seteriemosconi.com\/wp-content\/uploads\/2021\/12\/icona-seterie-mosconi.png\",\"contentUrl\":\"https:\/\/www.seteriemosconi.com\/wp-content\/uploads\/2021\/12\/icona-seterie-mosconi.png\",\"width\":63,\"height\":63},{\"@type\":\"BreadcrumbList\",\"@id\":\"https:\/\/www.seteriemosconi.com\/fr\/contacts\/#breadcrumb\",\"itemListElement\":[{\"@type\":\"ListItem\",\"position\":1,\"name\":\"Home\",\"item\":\"https:\/\/www.seteriemosconi.com\/fr\/\"},{\"@type\":\"ListItem\",\"position\":2,\"name\":\"Contacts\"}]},{\"@type\":\"WebSite\",\"@id\":\"https:\/\/www.seteriemosconi.com\/fr\/#website\",\"url\":\"https:\/\/www.seteriemosconi.com\/fr\/\",\"name\":\"Seterie Mosconi\",\"description\":\"\",\"publisher\":{\"@id\":\"https:\/\/www.seteriemosconi.com\/fr\/#organization\"},\"alternateName\":\"Articoli promozionali per aziende\",\"potentialAction\":[{\"@type\":\"SearchAction\",\"target\":{\"@type\":\"EntryPoint\",\"urlTemplate\":\"https:\/\/www.seteriemosconi.com\/fr\/?s={search_term_string}\"},\"query-input\":{\"@type\":\"PropertyValueSpecification\",\"valueRequired\":true,\"valueName\":\"search_term_string\"}}],\"inLanguage\":\"fr-FR\"},{\"@type\":\"Organization\",\"@id\":\"https:\/\/www.seteriemosconi.com\/fr\/#organization\",\"name\":\"Seterie Mosconi\",\"alternateName\":\"Articoli promozionali per aziende\",\"url\":\"https:\/\/www.seteriemosconi.com\/fr\/\",\"logo\":{\"@type\":\"ImageObject\",\"inLanguage\":\"fr-FR\",\"@id\":\"https:\/\/www.seteriemosconi.com\/fr\/#\/schema\/logo\/image\/\",\"url\":\"https:\/\/www.seteriemosconi.com\/wp-content\/uploads\/2018\/01\/logo_mosconi-seteria.png\",\"contentUrl\":\"https:\/\/www.seteriemosconi.com\/wp-content\/uploads\/2018\/01\/logo_mosconi-seteria.png\",\"width\":500,\"height\":148,\"caption\":\"Seterie Mosconi\"},\"image\":{\"@id\":\"https:\/\/www.seteriemosconi.com\/fr\/#\/schema\/logo\/image\/\"},\"sameAs\":[\"https:\/\/www.facebook.com\/SeterieMosconi\/\",\"https:\/\/instagram.com\/seterie_mosconi\",\"https:\/\/www.linkedin.com\/company\/seterie-mosconi-ties-and-scarves\/\"]}]}<\/script>\n<!-- \/ Yoast SEO plugin. -->","yoast_head_json":{"title":"Contacts - Articles promotionnels C\u00f4me - Seterie Mosconi","description":"Vous souhaitez plus d\u2019informations sur les produits et articles promotionnels Como ? Retrouvez nos contacts Silerie Mosconi pour informations et communications","robots":{"index":"index","follow":"follow","max-snippet":"max-snippet:-1","max-image-preview":"max-image-preview:large","max-video-preview":"max-video-preview:-1"},"canonical":"https:\/\/www.seteriemosconi.com\/fr\/contacts\/","og_locale":"fr_FR","og_type":"article","og_title":"Contacts - Articles promotionnels C\u00f4me - Seterie Mosconi","og_description":"Vous souhaitez plus d\u2019informations sur les produits et articles promotionnels Como ? Retrouvez nos contacts Silerie Mosconi pour informations et communications","og_url":"https:\/\/www.seteriemosconi.com\/fr\/contacts\/","og_site_name":"Seterie Mosconi","article_publisher":"https:\/\/www.facebook.com\/SeterieMosconi\/","article_modified_time":"2024-09-03T13:03:18+00:00","og_image":[{"width":63,"height":63,"url":"https:\/\/www.seteriemosconi.com\/wp-content\/uploads\/2021\/12\/icona-seterie-mosconi.png","type":"image\/png"}],"twitter_card":"summary_large_image","schema":{"@context":"https:\/\/schema.org","@graph":[{"@type":"WebPage","@id":"https:\/\/www.seteriemosconi.com\/fr\/contacts\/","url":"https:\/\/www.seteriemosconi.com\/fr\/contacts\/","name":"Contacts - Articles promotionnels C\u00f4me - Seterie Mosconi","isPartOf":{"@id":"https:\/\/www.seteriemosconi.com\/fr\/#website"},"primaryImageOfPage":{"@id":"https:\/\/www.seteriemosconi.com\/fr\/contacts\/#primaryimage"},"image":{"@id":"https:\/\/www.seteriemosconi.com\/fr\/contacts\/#primaryimage"},"thumbnailUrl":"https:\/\/www.seteriemosconi.com\/wp-content\/uploads\/2021\/12\/icona-seterie-mosconi.png","datePublished":"2022-02-08T18:06:18+00:00","dateModified":"2024-09-03T13:03:18+00:00","description":"Vous souhaitez plus d\u2019informations sur les produits et articles promotionnels Como ? Retrouvez nos contacts Silerie Mosconi pour informations et communications","breadcrumb":{"@id":"https:\/\/www.seteriemosconi.com\/fr\/contacts\/#breadcrumb"},"inLanguage":"fr-FR","potentialAction":[{"@type":"ReadAction","target":["https:\/\/www.seteriemosconi.com\/fr\/contacts\/"]}]},{"@type":"ImageObject","inLanguage":"fr-FR","@id":"https:\/\/www.seteriemosconi.com\/fr\/contacts\/#primaryimage","url":"https:\/\/www.seteriemosconi.com\/wp-content\/uploads\/2021\/12\/icona-seterie-mosconi.png","contentUrl":"https:\/\/www.seteriemosconi.com\/wp-content\/uploads\/2021\/12\/icona-seterie-mosconi.png","width":63,"height":63},{"@type":"BreadcrumbList","@id":"https:\/\/www.seteriemosconi.com\/fr\/contacts\/#breadcrumb","itemListElement":[{"@type":"ListItem","position":1,"name":"Home","item":"https:\/\/www.seteriemosconi.com\/fr\/"},{"@type":"ListItem","position":2,"name":"Contacts"}]},{"@type":"WebSite","@id":"https:\/\/www.seteriemosconi.com\/fr\/#website","url":"https:\/\/www.seteriemosconi.com\/fr\/","name":"Seterie Mosconi","description":"","publisher":{"@id":"https:\/\/www.seteriemosconi.com\/fr\/#organization"},"alternateName":"Articoli promozionali per aziende","potentialAction":[{"@type":"SearchAction","target":{"@type":"EntryPoint","urlTemplate":"https:\/\/www.seteriemosconi.com\/fr\/?s={search_term_string}"},"query-input":{"@type":"PropertyValueSpecification","valueRequired":true,"valueName":"search_term_string"}}],"inLanguage":"fr-FR"},{"@type":"Organization","@id":"https:\/\/www.seteriemosconi.com\/fr\/#organization","name":"Seterie Mosconi","alternateName":"Articoli promozionali per aziende","url":"https:\/\/www.seteriemosconi.com\/fr\/","logo":{"@type":"ImageObject","inLanguage":"fr-FR","@id":"https:\/\/www.seteriemosconi.com\/fr\/#\/schema\/logo\/image\/","url":"https:\/\/www.seteriemosconi.com\/wp-content\/uploads\/2018\/01\/logo_mosconi-seteria.png","contentUrl":"https:\/\/www.seteriemosconi.com\/wp-content\/uploads\/2018\/01\/logo_mosconi-seteria.png","width":500,"height":148,"caption":"Seterie Mosconi"},"image":{"@id":"https:\/\/www.seteriemosconi.com\/fr\/#\/schema\/logo\/image\/"},"sameAs":["https:\/\/www.facebook.com\/SeterieMosconi\/","https:\/\/instagram.com\/seterie_mosconi","https:\/\/www.linkedin.com\/company\/seterie-mosconi-ties-and-scarves\/"]}]}},"_links":{"self":[{"href":"https:\/\/www.seteriemosconi.com\/fr\/wp-json\/wp\/v2\/pages\/10771","targetHints":{"allow":["GET"]}}],"collection":[{"href":"https:\/\/www.seteriemosconi.com\/fr\/wp-json\/wp\/v2\/pages"}],"about":[{"href":"https:\/\/www.seteriemosconi.com\/fr\/wp-json\/wp\/v2\/types\/page"}],"author":[{"embeddable":true,"href":"https:\/\/www.seteriemosconi.com\/fr\/wp-json\/wp\/v2\/users\/1"}],"replies":[{"embeddable":true,"href":"https:\/\/www.seteriemosconi.com\/fr\/wp-json\/wp\/v2\/comments?post=10771"}],"version-history":[{"count":4,"href":"https:\/\/www.seteriemosconi.com\/fr\/wp-json\/wp\/v2\/pages\/10771\/revisions"}],"predecessor-version":[{"id":12660,"href":"https:\/\/www.seteriemosconi.com\/fr\/wp-json\/wp\/v2\/pages\/10771\/revisions\/12660"}],"wp:featuredmedia":[{"embeddable":true,"href":"https:\/\/www.seteriemosconi.com\/fr\/wp-json\/wp\/v2\/media\/10398"}],"wp:attachment":[{"href":"https:\/\/www.seteriemosconi.com\/fr\/wp-json\/wp\/v2\/media?parent=10771"}],"curies":[{"name":"wp","href":"https:\/\/api.w.org\/{rel}","templated":true}]}}