{"id":10781,"date":"2019-05-03T10:08:07","date_gmt":"2019-05-03T09:08:07","guid":{"rendered":"https:\/\/www.seteriemosconi.com\/entreprise-italienne-cravates-artisanales\/dicono-di-noi\/"},"modified":"2024-07-11T10:24:59","modified_gmt":"2024-07-11T09:24:59","slug":"a-propos-de-nous","status":"publish","type":"page","link":"https:\/\/www.seteriemosconi.com\/fr\/entreprise-italienne-cravates-artisanales\/a-propos-de-nous\/","title":{"rendered":"\u00c0 propos de nous"},"content":{"rendered":"<h1>\u00c0 propos de nous<\/h1>\n<h2>Innovation, recherche et soin de la qualit\u00e9<\/h2>\n<ul>\n<li>\n<p>        <img decoding=\"async\" src=\"\/wp-content\/uploads\/2021\/12\/foto-intervista-marzo-2021-f52437ec.jpeg\" alt=\"\"><\/p>\n<h3>LORENZO MOSCONI ET L&rsquo;IMPORTANCE DU DIGITAL<\/h3>\n<p>Mars 2021 &#8211; de \u00ab La Provincia di Como \u00bb<\/p>\n<div>\n<p>Entretien avec Lorenzo Mosconi, PDG de Seterie Mosconi di Lipomo qui a recueilli le t\u00e9moignage de son p\u00e8re Giorgio \u00e0 la t\u00eate de l&rsquo;entreprise historique de produits de confection artisanale [&#8230;]<\/p>\n<\/div>\n<p><a href=\"\/fr\/?page_id=10799\">Continuer la lecture de l&rsquo;interview<\/a><\/p>\n<\/li>\n<li>\n<p>        <img decoding=\"async\" src=\"\/wp-content\/uploads\/2022\/02\/foto-intervista-aprile-2019.jpg\" alt=\"\"><\/p>\n<h3>LORENZO MOSCONI ET LES VALEURS D&rsquo;ENTREPRISE DE SETERIE MOSCONI<\/h3>\n<p>Avril 2019 &#8211; de \u00ab Fiera PTE \u00bb<\/p>\n<div>\n<p>Entretien avec Lorenzo Mosconi qui parle de l&rsquo;entreprise historique de tissus pr\u00e9cieux et d&rsquo;articles promotionnels, soulignant les valeurs qui ont toujours distingu\u00e9 Seterie Mosconi : \u00e9l\u00e9gance, style italien, qualit\u00e9, \u00e9co-durabilit\u00e9 [&#8230;]<\/p>\n<\/div>\n<p><a href=\"\/fr\/?page_id=10794\">Continuer la lecture de l&rsquo;interview<\/a><\/p>\n<\/li>\n<\/ul>\n<p><!--more--><br \/>\n<!-- {\"type\":\"layout\",\"children\":[{\"type\":\"section\",\"props\":{\"image\":\"\",\"image_position\":\"center-center\",\"media_overlay\":\"rgba(255, 255, 255, 0.26)\",\"style\":\"muted\",\"title_breakpoint\":\"xl\",\"title_position\":\"top-left\",\"title_rotation\":\"left\",\"vertical_align\":\"middle\",\"width\":\"default\"},\"children\":[{\"type\":\"row\",\"props\":{\"column_gap\":\"large\",\"layout\":\"3-4,1-4\",\"row_gap\":\"large\"},\"children\":[{\"type\":\"column\",\"props\":{\"image_position\":\"center-center\",\"media_overlay_gradient\":\"\",\"position_sticky_breakpoint\":\"m\",\"width_medium\":\"3-4\"},\"children\":[{\"type\":\"headline\",\"props\":{\"content\":\"\\u00c0 propos de nous\",\"margin\":\"small\",\"text_align\":\"left\",\"text_align_breakpoint\":\"m\",\"text_align_fallback\":\"center\",\"title_color\":\"primary\",\"title_decoration\":\"line\",\"title_element\":\"h1\",\"title_style\":\"heading-medium\"}},{\"type\":\"headline\",\"props\":{\"content\":\"Innovation, recherche et soin de la qualit\\u00e9\",\"margin\":\"default\",\"margin_remove_top\":true,\"text_align\":\"left\",\"text_align_breakpoint\":\"m\",\"text_align_fallback\":\"center\",\"title_element\":\"h2\",\"title_font_family\":\"secondary\",\"title_style\":\"h5\"}}]},{\"type\":\"column\",\"props\":{\"image_position\":\"center-center\",\"media_overlay_gradient\":\"\",\"position_sticky_breakpoint\":\"m\",\"vertical_align\":\"middle\",\"width_medium\":\"1-4\"},\"children\":[]}]}],\"name\":\"sezione Hero pagine interne\"},{\"type\":\"section\",\"props\":{\"image_position\":\"center-center\",\"padding\":\"none\",\"style\":\"default\",\"title_breakpoint\":\"xl\",\"title_position\":\"top-left\",\"title_rotation\":\"left\",\"vertical_align\":\"middle\",\"width\":\"default\"},\"children\":[{\"type\":\"row\",\"children\":[{\"type\":\"column\",\"props\":{\"image_position\":\"center-center\",\"media_overlay_gradient\":\"\",\"position_sticky_breakpoint\":\"m\"},\"children\":[{\"type\":\"breadcrumbs\",\"props\":{\"show_current\":true,\"show_home\":true}}]}]}],\"name\":\"sezione Breadcrumbs\"},{\"type\":\"section\",\"props\":{\"image_position\":\"center-center\",\"style\":\"default\",\"title_breakpoint\":\"xl\",\"title_position\":\"top-left\",\"title_rotation\":\"left\",\"vertical_align\":\"middle\",\"width\":\"default\"},\"children\":[{\"type\":\"row\",\"children\":[{\"type\":\"column\",\"props\":{\"image_position\":\"center-center\",\"media_overlay_gradient\":\"\",\"position_sticky_breakpoint\":\"m\"},\"children\":[{\"type\":\"grid\",\"props\":{\"content_align\":true,\"content_column_breakpoint\":\"m\",\"content_dropcap\":false,\"filter_align\":\"left\",\"filter_all\":true,\"filter_grid_breakpoint\":\"m\",\"filter_grid_width\":\"auto\",\"filter_position\":\"top\",\"filter_style\":\"tab\",\"grid_column_align\":true,\"grid_default\":\"2\",\"grid_medium\":\"\",\"grid_row_align\":false,\"icon_width\":80,\"image_align\":\"top\",\"image_grid_breakpoint\":\"m\",\"image_grid_row_gap\":\"small\",\"image_grid_width\":\"2-5\",\"image_height\":\"190\",\"image_link\":true,\"image_svg_color\":\"emphasis\",\"image_width\":\"200\",\"item_animation\":true,\"link_style\":\"primary\",\"link_text\":\"Continua a leggere l'intervista\",\"margin\":\"default\",\"meta_align\":\"above-title\",\"meta_color\":\"primary\",\"meta_element\":\"div\",\"meta_margin\":\"small\",\"meta_style\":\"h6\",\"panel_padding\":\"small\",\"panel_style\":\"card-default\",\"parallax_easing\":\"1\",\"show_content\":true,\"show_image\":true,\"show_link\":true,\"show_meta\":true,\"show_title\":true,\"title_align\":\"top\",\"title_element\":\"h3\",\"title_grid_breakpoint\":\"m\",\"title_grid_width\":\"1-2\",\"title_hover_style\":\"reset\",\"title_link\":true,\"title_style\":\"h5\"},\"children\":[{\"type\":\"grid_item\",\"props\":{\"content\":\"\n\n<p>Entretien avec Lorenzo Mosconi, PDG de Seterie Mosconi di Lipomo qui a recueilli le t\\u00e9moignage de son p\\u00e8re Giorgio \\u00e0 la t\\u00eate de l'entreprise historique de produits de confection artisanale [...]<\\\/p>\",\"image\":\"wp-content\\\/uploads\\\/2021\\\/12\\\/foto-intervista-marzo-2021-f52437ec.jpeg\",\"link\":\"\\\/fr\\\/?page_id=10799\",\"link_text\":\"Continuer la lecture de l'interview\",\"meta\":\"Mars 2021 - de \\u00ab La Provincia di Como \\u00bb\",\"title\":\"LORENZO MOSCONI ET L'IMPORTANCE DU DIGITAL\"}},{\"type\":\"grid_item\",\"props\":{\"content\":\"\n\n<p>Entretien avec Lorenzo Mosconi qui parle de l'entreprise historique de tissus pr\\u00e9cieux et d'articles promotionnels, soulignant les valeurs qui ont toujours distingu\\u00e9 Seterie Mosconi : \\u00e9l\\u00e9gance, style italien, qualit\\u00e9, \\u00e9co-durabilit\\u00e9 [...]<\\\/p>\",\"image\":\"wp-content\\\/uploads\\\/2022\\\/02\\\/foto-intervista-aprile-2019.jpg\",\"link\":\"\\\/fr\\\/?page_id=10794\",\"link_text\":\"Continuer la lecture de l'interview\",\"meta\":\"Avril 2019 - de \\u00ab Fiera PTE \\u00bb\",\"title\":\"LORENZO MOSCONI ET LES VALEURS D'ENTREPRISE DE SETERIE MOSCONI\"}}]}]}]}]}],\"version\":\"3.0.21\"} --><\/p>\n","protected":false},"excerpt":{"rendered":"<p>\u00c0 propos de nous Innovation, recherche et soin de la qualit\u00e9 LORENZO MOSCONI ET L&rsquo;IMPORTANCE DU DIGITAL Mars 2021 &#8211; de \u00ab La Provincia di Como \u00bb Entretien avec Lorenzo Mosconi, PDG de Seterie Mosconi di Lipomo qui a recueilli le t\u00e9moignage de son p\u00e8re Giorgio \u00e0 la t\u00eate de l&rsquo;entreprise historique de produits de [&hellip;]<\/p>\n","protected":false},"author":1,"featured_media":10567,"parent":10756,"menu_order":0,"comment_status":"closed","ping_status":"closed","template":"","meta":{"_acf_changed":false,"footnotes":""},"class_list":["post-10781","page","type-page","status-publish","has-post-thumbnail","hentry"],"acf":[],"yoast_head":"<!-- This site is optimized with the Yoast SEO plugin v24.6 - https:\/\/yoast.com\/wordpress\/plugins\/seo\/ -->\n<title>\u00c0 propos de nous - Commentaires - Seterie Mosconi<\/title>\n<meta name=\"description\" content=\"D\u00e9couvrez les avis des filatures de Seterie Mosconi, grande usine de soie de C\u00f4me, produisant des cravates, foulards, \u00e9charpes et autres accessoires pour les entreprises\" \/>\n<meta name=\"robots\" content=\"index, follow, max-snippet:-1, max-image-preview:large, max-video-preview:-1\" \/>\n<link rel=\"canonical\" href=\"https:\/\/www.seteriemosconi.com\/fr\/entreprise-italienne-cravates-artisanales\/a-propos-de-nous\/\" \/>\n<meta property=\"og:locale\" content=\"fr_FR\" \/>\n<meta property=\"og:type\" content=\"article\" \/>\n<meta property=\"og:title\" content=\"\u00c0 propos de nous - Commentaires - Seterie Mosconi\" \/>\n<meta property=\"og:description\" content=\"D\u00e9couvrez les avis des filatures de Seterie Mosconi, grande usine de soie de C\u00f4me, produisant des cravates, foulards, \u00e9charpes et autres accessoires pour les entreprises\" \/>\n<meta property=\"og:url\" content=\"https:\/\/www.seteriemosconi.com\/fr\/entreprise-italienne-cravates-artisanales\/a-propos-de-nous\/\" \/>\n<meta property=\"og:site_name\" content=\"Seterie Mosconi\" \/>\n<meta property=\"article:publisher\" content=\"https:\/\/www.facebook.com\/SeterieMosconi\/\" \/>\n<meta property=\"article:modified_time\" content=\"2024-07-11T09:24:59+00:00\" \/>\n<meta property=\"og:image\" content=\"https:\/\/www.seteriemosconi.com\/wp-content\/uploads\/2022\/02\/foto-intervista-aprile-2019.jpg\" \/>\n\t<meta property=\"og:image:width\" content=\"600\" \/>\n\t<meta property=\"og:image:height\" content=\"345\" \/>\n\t<meta property=\"og:image:type\" content=\"image\/jpeg\" \/>\n<meta name=\"twitter:card\" content=\"summary_large_image\" \/>\n<meta name=\"twitter:label1\" content=\"Dur\u00e9e de lecture estim\u00e9e\" \/>\n\t<meta name=\"twitter:data1\" content=\"1 minute\" \/>\n<script type=\"application\/ld+json\" class=\"yoast-schema-graph\">{\"@context\":\"https:\/\/schema.org\",\"@graph\":[{\"@type\":\"WebPage\",\"@id\":\"https:\/\/www.seteriemosconi.com\/fr\/entreprise-italienne-cravates-artisanales\/a-propos-de-nous\/\",\"url\":\"https:\/\/www.seteriemosconi.com\/fr\/entreprise-italienne-cravates-artisanales\/a-propos-de-nous\/\",\"name\":\"\u00c0 propos de nous - Commentaires - Seterie Mosconi\",\"isPartOf\":{\"@id\":\"https:\/\/www.seteriemosconi.com\/fr\/#website\"},\"primaryImageOfPage\":{\"@id\":\"https:\/\/www.seteriemosconi.com\/fr\/entreprise-italienne-cravates-artisanales\/a-propos-de-nous\/#primaryimage\"},\"image\":{\"@id\":\"https:\/\/www.seteriemosconi.com\/fr\/entreprise-italienne-cravates-artisanales\/a-propos-de-nous\/#primaryimage\"},\"thumbnailUrl\":\"https:\/\/www.seteriemosconi.com\/wp-content\/uploads\/2022\/02\/foto-intervista-aprile-2019.jpg\",\"datePublished\":\"2019-05-03T09:08:07+00:00\",\"dateModified\":\"2024-07-11T09:24:59+00:00\",\"description\":\"D\u00e9couvrez les avis des filatures de Seterie Mosconi, grande usine de soie de C\u00f4me, produisant des cravates, foulards, \u00e9charpes et autres accessoires pour les entreprises\",\"breadcrumb\":{\"@id\":\"https:\/\/www.seteriemosconi.com\/fr\/entreprise-italienne-cravates-artisanales\/a-propos-de-nous\/#breadcrumb\"},\"inLanguage\":\"fr-FR\",\"potentialAction\":[{\"@type\":\"ReadAction\",\"target\":[\"https:\/\/www.seteriemosconi.com\/fr\/entreprise-italienne-cravates-artisanales\/a-propos-de-nous\/\"]}]},{\"@type\":\"ImageObject\",\"inLanguage\":\"fr-FR\",\"@id\":\"https:\/\/www.seteriemosconi.com\/fr\/entreprise-italienne-cravates-artisanales\/a-propos-de-nous\/#primaryimage\",\"url\":\"https:\/\/www.seteriemosconi.com\/wp-content\/uploads\/2022\/02\/foto-intervista-aprile-2019.jpg\",\"contentUrl\":\"https:\/\/www.seteriemosconi.com\/wp-content\/uploads\/2022\/02\/foto-intervista-aprile-2019.jpg\",\"width\":600,\"height\":345},{\"@type\":\"BreadcrumbList\",\"@id\":\"https:\/\/www.seteriemosconi.com\/fr\/entreprise-italienne-cravates-artisanales\/a-propos-de-nous\/#breadcrumb\",\"itemListElement\":[{\"@type\":\"ListItem\",\"position\":1,\"name\":\"Home\",\"item\":\"https:\/\/www.seteriemosconi.com\/fr\/\"},{\"@type\":\"ListItem\",\"position\":2,\"name\":\"Entreprise\",\"item\":\"https:\/\/www.seteriemosconi.com\/fr\/azienda-cravatte-italiane-artigianali\/\"},{\"@type\":\"ListItem\",\"position\":3,\"name\":\"\u00c0 propos de nous\"}]},{\"@type\":\"WebSite\",\"@id\":\"https:\/\/www.seteriemosconi.com\/fr\/#website\",\"url\":\"https:\/\/www.seteriemosconi.com\/fr\/\",\"name\":\"Seterie Mosconi\",\"description\":\"\",\"publisher\":{\"@id\":\"https:\/\/www.seteriemosconi.com\/fr\/#organization\"},\"alternateName\":\"Articoli promozionali per aziende\",\"potentialAction\":[{\"@type\":\"SearchAction\",\"target\":{\"@type\":\"EntryPoint\",\"urlTemplate\":\"https:\/\/www.seteriemosconi.com\/fr\/?s={search_term_string}\"},\"query-input\":{\"@type\":\"PropertyValueSpecification\",\"valueRequired\":true,\"valueName\":\"search_term_string\"}}],\"inLanguage\":\"fr-FR\"},{\"@type\":\"Organization\",\"@id\":\"https:\/\/www.seteriemosconi.com\/fr\/#organization\",\"name\":\"Seterie Mosconi\",\"alternateName\":\"Articoli promozionali per aziende\",\"url\":\"https:\/\/www.seteriemosconi.com\/fr\/\",\"logo\":{\"@type\":\"ImageObject\",\"inLanguage\":\"fr-FR\",\"@id\":\"https:\/\/www.seteriemosconi.com\/fr\/#\/schema\/logo\/image\/\",\"url\":\"https:\/\/www.seteriemosconi.com\/wp-content\/uploads\/2018\/01\/logo_mosconi-seteria.png\",\"contentUrl\":\"https:\/\/www.seteriemosconi.com\/wp-content\/uploads\/2018\/01\/logo_mosconi-seteria.png\",\"width\":500,\"height\":148,\"caption\":\"Seterie Mosconi\"},\"image\":{\"@id\":\"https:\/\/www.seteriemosconi.com\/fr\/#\/schema\/logo\/image\/\"},\"sameAs\":[\"https:\/\/www.facebook.com\/SeterieMosconi\/\",\"https:\/\/instagram.com\/seterie_mosconi\",\"https:\/\/www.linkedin.com\/company\/seterie-mosconi-ties-and-scarves\/\"]}]}<\/script>\n<!-- \/ Yoast SEO plugin. -->","yoast_head_json":{"title":"\u00c0 propos de nous - Commentaires - Seterie Mosconi","description":"D\u00e9couvrez les avis des filatures de Seterie Mosconi, grande usine de soie de C\u00f4me, produisant des cravates, foulards, \u00e9charpes et autres accessoires pour les entreprises","robots":{"index":"index","follow":"follow","max-snippet":"max-snippet:-1","max-image-preview":"max-image-preview:large","max-video-preview":"max-video-preview:-1"},"canonical":"https:\/\/www.seteriemosconi.com\/fr\/entreprise-italienne-cravates-artisanales\/a-propos-de-nous\/","og_locale":"fr_FR","og_type":"article","og_title":"\u00c0 propos de nous - Commentaires - Seterie Mosconi","og_description":"D\u00e9couvrez les avis des filatures de Seterie Mosconi, grande usine de soie de C\u00f4me, produisant des cravates, foulards, \u00e9charpes et autres accessoires pour les entreprises","og_url":"https:\/\/www.seteriemosconi.com\/fr\/entreprise-italienne-cravates-artisanales\/a-propos-de-nous\/","og_site_name":"Seterie Mosconi","article_publisher":"https:\/\/www.facebook.com\/SeterieMosconi\/","article_modified_time":"2024-07-11T09:24:59+00:00","og_image":[{"width":600,"height":345,"url":"https:\/\/www.seteriemosconi.com\/wp-content\/uploads\/2022\/02\/foto-intervista-aprile-2019.jpg","type":"image\/jpeg"}],"twitter_card":"summary_large_image","twitter_misc":{"Dur\u00e9e de lecture estim\u00e9e":"1 minute"},"schema":{"@context":"https:\/\/schema.org","@graph":[{"@type":"WebPage","@id":"https:\/\/www.seteriemosconi.com\/fr\/entreprise-italienne-cravates-artisanales\/a-propos-de-nous\/","url":"https:\/\/www.seteriemosconi.com\/fr\/entreprise-italienne-cravates-artisanales\/a-propos-de-nous\/","name":"\u00c0 propos de nous - Commentaires - Seterie Mosconi","isPartOf":{"@id":"https:\/\/www.seteriemosconi.com\/fr\/#website"},"primaryImageOfPage":{"@id":"https:\/\/www.seteriemosconi.com\/fr\/entreprise-italienne-cravates-artisanales\/a-propos-de-nous\/#primaryimage"},"image":{"@id":"https:\/\/www.seteriemosconi.com\/fr\/entreprise-italienne-cravates-artisanales\/a-propos-de-nous\/#primaryimage"},"thumbnailUrl":"https:\/\/www.seteriemosconi.com\/wp-content\/uploads\/2022\/02\/foto-intervista-aprile-2019.jpg","datePublished":"2019-05-03T09:08:07+00:00","dateModified":"2024-07-11T09:24:59+00:00","description":"D\u00e9couvrez les avis des filatures de Seterie Mosconi, grande usine de soie de C\u00f4me, produisant des cravates, foulards, \u00e9charpes et autres accessoires pour les entreprises","breadcrumb":{"@id":"https:\/\/www.seteriemosconi.com\/fr\/entreprise-italienne-cravates-artisanales\/a-propos-de-nous\/#breadcrumb"},"inLanguage":"fr-FR","potentialAction":[{"@type":"ReadAction","target":["https:\/\/www.seteriemosconi.com\/fr\/entreprise-italienne-cravates-artisanales\/a-propos-de-nous\/"]}]},{"@type":"ImageObject","inLanguage":"fr-FR","@id":"https:\/\/www.seteriemosconi.com\/fr\/entreprise-italienne-cravates-artisanales\/a-propos-de-nous\/#primaryimage","url":"https:\/\/www.seteriemosconi.com\/wp-content\/uploads\/2022\/02\/foto-intervista-aprile-2019.jpg","contentUrl":"https:\/\/www.seteriemosconi.com\/wp-content\/uploads\/2022\/02\/foto-intervista-aprile-2019.jpg","width":600,"height":345},{"@type":"BreadcrumbList","@id":"https:\/\/www.seteriemosconi.com\/fr\/entreprise-italienne-cravates-artisanales\/a-propos-de-nous\/#breadcrumb","itemListElement":[{"@type":"ListItem","position":1,"name":"Home","item":"https:\/\/www.seteriemosconi.com\/fr\/"},{"@type":"ListItem","position":2,"name":"Entreprise","item":"https:\/\/www.seteriemosconi.com\/fr\/azienda-cravatte-italiane-artigianali\/"},{"@type":"ListItem","position":3,"name":"\u00c0 propos de nous"}]},{"@type":"WebSite","@id":"https:\/\/www.seteriemosconi.com\/fr\/#website","url":"https:\/\/www.seteriemosconi.com\/fr\/","name":"Seterie Mosconi","description":"","publisher":{"@id":"https:\/\/www.seteriemosconi.com\/fr\/#organization"},"alternateName":"Articoli promozionali per aziende","potentialAction":[{"@type":"SearchAction","target":{"@type":"EntryPoint","urlTemplate":"https:\/\/www.seteriemosconi.com\/fr\/?s={search_term_string}"},"query-input":{"@type":"PropertyValueSpecification","valueRequired":true,"valueName":"search_term_string"}}],"inLanguage":"fr-FR"},{"@type":"Organization","@id":"https:\/\/www.seteriemosconi.com\/fr\/#organization","name":"Seterie Mosconi","alternateName":"Articoli promozionali per aziende","url":"https:\/\/www.seteriemosconi.com\/fr\/","logo":{"@type":"ImageObject","inLanguage":"fr-FR","@id":"https:\/\/www.seteriemosconi.com\/fr\/#\/schema\/logo\/image\/","url":"https:\/\/www.seteriemosconi.com\/wp-content\/uploads\/2018\/01\/logo_mosconi-seteria.png","contentUrl":"https:\/\/www.seteriemosconi.com\/wp-content\/uploads\/2018\/01\/logo_mosconi-seteria.png","width":500,"height":148,"caption":"Seterie Mosconi"},"image":{"@id":"https:\/\/www.seteriemosconi.com\/fr\/#\/schema\/logo\/image\/"},"sameAs":["https:\/\/www.facebook.com\/SeterieMosconi\/","https:\/\/instagram.com\/seterie_mosconi","https:\/\/www.linkedin.com\/company\/seterie-mosconi-ties-and-scarves\/"]}]}},"_links":{"self":[{"href":"https:\/\/www.seteriemosconi.com\/fr\/wp-json\/wp\/v2\/pages\/10781","targetHints":{"allow":["GET"]}}],"collection":[{"href":"https:\/\/www.seteriemosconi.com\/fr\/wp-json\/wp\/v2\/pages"}],"about":[{"href":"https:\/\/www.seteriemosconi.com\/fr\/wp-json\/wp\/v2\/types\/page"}],"author":[{"embeddable":true,"href":"https:\/\/www.seteriemosconi.com\/fr\/wp-json\/wp\/v2\/users\/1"}],"replies":[{"embeddable":true,"href":"https:\/\/www.seteriemosconi.com\/fr\/wp-json\/wp\/v2\/comments?post=10781"}],"version-history":[{"count":4,"href":"https:\/\/www.seteriemosconi.com\/fr\/wp-json\/wp\/v2\/pages\/10781\/revisions"}],"predecessor-version":[{"id":10802,"href":"https:\/\/www.seteriemosconi.com\/fr\/wp-json\/wp\/v2\/pages\/10781\/revisions\/10802"}],"up":[{"embeddable":true,"href":"https:\/\/www.seteriemosconi.com\/fr\/wp-json\/wp\/v2\/pages\/10756"}],"wp:featuredmedia":[{"embeddable":true,"href":"https:\/\/www.seteriemosconi.com\/fr\/wp-json\/wp\/v2\/media\/10567"}],"wp:attachment":[{"href":"https:\/\/www.seteriemosconi.com\/fr\/wp-json\/wp\/v2\/media?parent=10781"}],"curies":[{"name":"wp","href":"https:\/\/api.w.org\/{rel}","templated":true}]}}