{"id":10831,"date":"2019-07-09T10:55:20","date_gmt":"2019-07-09T09:55:20","guid":{"rendered":"https:\/\/www.seteriemosconi.com\/production-cravates-foulards-et-echarpes-personnalises\/fibre-e-tessuti-ecologici\/"},"modified":"2024-07-16T11:23:54","modified_gmt":"2024-07-16T10:23:54","slug":"fibres-et-tissus-ecologiques","status":"publish","type":"page","link":"https:\/\/www.seteriemosconi.com\/fr\/production-cravates-foulards-et-echarpes-personnalises\/fibres-et-tissus-ecologiques\/","title":{"rendered":"Fibres et tissus \u00e9cologiques"},"content":{"rendered":"<h1>Fibres et tissus \u00e9cologiques<\/h1>\n<div>Innovation, recherche et soin de la qualit\u00e9<\/div>\n<div>\n<p><em><strong>Seterie Mosconi<\/strong> est attentive et sensible aux questions d&rsquo;<a href=\"\/fr\/?page_id=11019\"><strong>\u00e9cologie<\/strong><\/a> et d&rsquo;<a href=\"\/fr\/?page_id=10939\"><strong>impact sur l&rsquo;environnement<\/strong><\/a>.<\/em><\/p>\n<\/div>\n<p><img decoding=\"async\" src=\"\/wp-content\/uploads\/2019\/07\/ECO1.png\" alt=\"\"><\/p>\n<div>\n<p>\u00a0<\/p>\n<p>En effet, l&rsquo;industrie textile, en plus d&rsquo;\u00eatre l&rsquo;un des secteurs les plus consommateurs d&rsquo;eau au monde, est responsable d&rsquo;environ un dixi\u00e8me des \u00e9missions de gaz \u00e0 effet de serre dans l&rsquo;atmosph\u00e8re.<\/p>\n<p>Il faut \u00e9galement garder \u00e0 l&rsquo;esprit que 80 % de l&rsquo;impact environnemental d&rsquo;un produit est le r\u00e9sultat de sa conception.<\/p>\n<\/div>\n<h3><a href=\"\/fr\/?page_id=11026\">Tissus \u00e9cologiques pour v\u00eatements<\/a><\/h3>\n<div>\n<p><img loading=\"lazy\" decoding=\"async\" class=\" wp-image-2121 alignright\" src=\"\/wp-content\/uploads\/2019\/07\/tessuti-ecologici.jpg\" alt=\"\" width=\"282\" height=\"189\" srcset=\"https:\/\/www.seteriemosconi.com\/wp-content\/uploads\/2019\/07\/tessuti-ecologici.jpg 1375w, https:\/\/www.seteriemosconi.com\/wp-content\/uploads\/2019\/07\/tessuti-ecologici-300x201.jpg 300w, https:\/\/www.seteriemosconi.com\/wp-content\/uploads\/2019\/07\/tessuti-ecologici-1024x687.jpg 1024w, https:\/\/www.seteriemosconi.com\/wp-content\/uploads\/2019\/07\/tessuti-ecologici-768x516.jpg 768w\" sizes=\"(max-width: 282px) 100vw, 282px\" \/>C&rsquo;est pourquoi <strong>Seterie Mosconi<\/strong> est \u00e0 l&rsquo;avant-garde de la <a href=\"\/fr\/?page_id=11033\"><strong>lutte contre la pollution de l&rsquo;environnement<\/strong><\/a> et tente de sensibiliser ses acheteurs en proposant <a href=\"\/fr\/?page_id=10883\"><strong>des fibres et des tissus \u00e9cologiques<\/strong><\/a>, capables de r\u00e9duire l&rsquo;impact de l&rsquo;ensemble du cycle de production d&rsquo;un v\u00eatement.<\/p>\n<\/div>\n<h3>Mat\u00e9riaux \u00e9cologiques, innovants et recycl\u00e9s<\/h3>\n<div>\n<p>Consciente que, chaque ann\u00e9e, sur les 5,8 tonnes de d\u00e9chets textiles jet\u00e9s en Europe, seul un quart est <a href=\"\/fr\/?page_id=11042\">recycl\u00e9<\/a>, l&rsquo;entreprise <strong><a href=\"\/fr\/?page_id=11048\">recherche<\/a> et <a href=\"\/fr\/?page_id=11053\">exp\u00e9rimente en permanence<\/a> des <a href=\"\/fr\/?page_id=11058\">mati\u00e8res \u00e9cologiques<\/a> et <a href=\"\/fr\/?page_id=11065\">innovantes<\/a><\/strong> comme, par exemple, le <a href=\"\/fr\/?page_id=11069\"><strong>fil Newlife<\/strong><\/a>, fabriqu\u00e9 \u00e0 partir de bouteilles en plastique, le <a href=\"\/fr\/?page_id=11081\"><strong>chanvre<\/strong><\/a>, le <strong>greencel<\/strong>, etc.<\/p>\n<\/div>\n<p><img decoding=\"async\" src=\"\/wp-content\/uploads\/2022\/03\/newlife-tessuto-ecosostenibile.jpg\" alt=\"\"><br \/>\n<img decoding=\"async\" src=\"\/wp-content\/uploads\/2022\/03\/logo-certificazioni-1.jpg\" alt=\"\"><\/p>\n<div>\n<p><img loading=\"lazy\" decoding=\"async\" class=\" wp-image-2123 alignleft\" src=\"\/wp-content\/uploads\/2019\/07\/tessuti-biologici.jpeg\" alt=\"\" width=\"256\" height=\"173\" srcset=\"https:\/\/www.seteriemosconi.com\/wp-content\/uploads\/2019\/07\/tessuti-biologici.jpeg 1024w, https:\/\/www.seteriemosconi.com\/wp-content\/uploads\/2019\/07\/tessuti-biologici-300x203.jpeg 300w, https:\/\/www.seteriemosconi.com\/wp-content\/uploads\/2019\/07\/tessuti-biologici-768x519.jpeg 768w\" sizes=\"(max-width: 256px) 100vw, 256px\" \/><\/p>\n<p>Les autres produits propos\u00e9s par Seterie Mosconi sont le r\u00e9sultat de l&rsquo;utilisation de <a href=\"\/fr\/?page_id=11100\"><strong>tissus \u00e9cologiques<\/strong><\/a> tels que le <a href=\"\/fr\/?page_id=11105\"><strong>polyester recycl\u00e9<\/strong><\/a>, la <a href=\"\/fr\/?page_id=11111\"><strong>laine<\/strong><\/a> et la <strong><a href=\"\/fr\/?page_id=11116\">soie<\/a> <a href=\"\/fr\/?page_id=11123\">biologiques<\/a><\/strong>, produits sans utilisation de substances nocives pour l&rsquo;environnement, de la culture \u00e0 la teinture.<\/p>\n<\/div>\n<p><!--more--><br \/>\n<!-- {\"type\":\"layout\",\"children\":[{\"type\":\"section\",\"props\":{\"image_position\":\"center-center\",\"media_overlay\":\"rgba(255, 255, 255, 0.26)\",\"style\":\"muted\",\"title_breakpoint\":\"xl\",\"title_position\":\"top-left\",\"title_rotation\":\"left\",\"vertical_align\":\"\",\"width\":\"default\"},\"children\":[{\"type\":\"row\",\"props\":{\"column_gap\":\"large\",\"layout\":\"3-4,1-4\",\"row_gap\":\"large\"},\"children\":[{\"type\":\"column\",\"props\":{\"image_position\":\"center-center\",\"position_sticky_breakpoint\":\"m\",\"width_medium\":\"3-4\"},\"children\":[{\"type\":\"headline\",\"props\":{\"content\":\"Fibres et tissus \\u00e9cologiques\",\"margin\":\"small\",\"text_align\":\"left\",\"text_align_breakpoint\":\"m\",\"text_align_fallback\":\"center\",\"title_color\":\"primary\",\"title_decoration\":\"line\",\"title_element\":\"h1\",\"title_style\":\"heading-medium\"}},{\"type\":\"headline\",\"props\":{\"content\":\"Innovation, recherche et soin de la qualit\\u00e9\",\"margin\":\"default\",\"margin_remove_top\":true,\"text_align\":\"left\",\"text_align_breakpoint\":\"m\",\"text_align_fallback\":\"center\",\"title_element\":\"div\",\"title_font_family\":\"secondary\",\"title_style\":\"h5\"}}]},{\"type\":\"column\",\"props\":{\"image_position\":\"center-center\",\"position_sticky_breakpoint\":\"m\",\"vertical_align\":\"middle\",\"width_medium\":\"1-4\"}}]}],\"name\":\"sezione Hero pagine interne\"},{\"type\":\"section\",\"props\":{\"image_position\":\"center-center\",\"padding\":\"none\",\"style\":\"default\",\"title_breakpoint\":\"xl\",\"title_position\":\"top-left\",\"title_rotation\":\"left\",\"vertical_align\":\"\",\"width\":\"default\"},\"children\":[{\"type\":\"row\",\"children\":[{\"type\":\"column\",\"props\":{\"image_position\":\"center-center\",\"position_sticky_breakpoint\":\"m\"},\"children\":[{\"type\":\"breadcrumbs\",\"props\":{\"show_current\":true,\"show_home\":true}}]}]}],\"name\":\"sezione Breadcrumbs\"},{\"name\":\"About\",\"type\":\"section\",\"props\":{\"image_position\":\"center-center\",\"padding\":\"none\",\"style\":\"default\",\"title_breakpoint\":\"xl\",\"title_position\":\"top-left\",\"title_rotation\":\"left\",\"vertical_align\":\"\",\"width\":\"small\"},\"children\":[{\"type\":\"row\",\"props\":{\"column_gap\":\"medium\",\"divider\":false,\"match\":false,\"row_gap\":\"medium\",\"vertical_align\":false},\"children\":[{\"type\":\"column\",\"props\":{\"image_position\":\"center-center\",\"padding\":\"small\",\"position_sticky_breakpoint\":\"m\",\"style\":\"tile-default\"},\"children\":[{\"type\":\"text\",\"props\":{\"column_breakpoint\":\"m\",\"content\":\"\n\n<p><em><strong>Seterie Mosconi<\\\/strong> est attentive et sensible aux questions d'<a href=\\\"\\\/fr\\\/?page_id=11019\\\"><strong>\\u00e9cologie<\\\/strong><\\\/a> et d'<a href=\\\"\\\/fr\\\/?page_id=10939\\\"><strong>impact sur l'environnement<\\\/strong><\\\/a>.<\\\/em><\\\/p>\",\"margin\":\"default\",\"text_style\":\"lead\"}}]}]},{\"type\":\"row\",\"props\":{\"layout\":\"2-5,3-5\"},\"children\":[{\"type\":\"column\",\"props\":{\"image_position\":\"center-center\",\"position_sticky_breakpoint\":\"m\",\"width_medium\":\"2-5\"},\"children\":[{\"type\":\"image\",\"props\":{\"image\":\"wp-content\\\/uploads\\\/2019\\\/07\\\/ECO1.png\",\"image_svg_color\":\"emphasis\",\"margin\":\"default\"}}]},{\"type\":\"column\",\"props\":{\"image_position\":\"center-center\",\"position_sticky_breakpoint\":\"m\",\"width_medium\":\"3-5\"},\"children\":[{\"type\":\"text\",\"props\":{\"column_breakpoint\":\"m\",\"content\":\"\n\n<p>\\u00a0<\\\/p>\\n\n\n<p>En effet, l'industrie textile, en plus d'\\u00eatre l'un des secteurs les plus consommateurs d'eau au monde, est responsable d'environ un dixi\\u00e8me des \\u00e9missions de gaz \\u00e0 effet de serre dans l'atmosph\\u00e8re.<\\\/p>\\n\n\n<p>Il faut \\u00e9galement garder \\u00e0 l'esprit que 80 % de l'impact environnemental d'un produit est le r\\u00e9sultat de sa conception.<\\\/p>\",\"margin\":\"medium\"}}]}]},{\"type\":\"row\",\"children\":[{\"type\":\"column\",\"props\":{\"image_position\":\"center-center\",\"position_sticky_breakpoint\":\"m\"},\"children\":[{\"type\":\"headline\",\"props\":{\"content\":\"<a href=\\\"\\\/fr\\\/?page_id=11026\\\">Tissus \\u00e9cologiques pour v\\u00eatements<\\\/a>\",\"title_element\":\"h3\"}},{\"type\":\"text\",\"props\":{\"column_breakpoint\":\"m\",\"content\":\"\n\n<p><img class=\\\" wp-image-2121 alignright\\\" src=\\\"wp-content\\\/uploads\\\/2019\\\/07\\\/tessuti-ecologici.jpg\\\" alt=\\\"\\\" width=\\\"282\\\" height=\\\"189\\\" \\\/>C'est pourquoi <strong>Seterie Mosconi<\\\/strong> est \\u00e0 l'avant-garde de la <a href=\\\"\\\/fr\\\/?page_id=11033\\\"><strong>lutte contre la pollution de l'environnement<\\\/strong><\\\/a> et tente de sensibiliser ses acheteurs en proposant <a href=\\\"\\\/fr\\\/?page_id=10883\\\"><strong>des fibres et des tissus \\u00e9cologiques<\\\/strong><\\\/a>, capables de r\\u00e9duire l'impact de l'ensemble du cycle de production d'un v\\u00eatement.<\\\/p>\",\"margin\":\"default\"}},{\"type\":\"headline\",\"props\":{\"content\":\"Mat\\u00e9riaux \\u00e9cologiques, innovants et recycl\\u00e9s\",\"title_element\":\"h3\"}},{\"type\":\"text\",\"props\":{\"column_breakpoint\":\"m\",\"content\":\"\n\n<p>Consciente que, chaque ann\\u00e9e, sur les 5,8 tonnes de d\\u00e9chets textiles jet\\u00e9s en Europe, seul un quart est <a href=\\\"\\\/fr\\\/?page_id=11042\\\">recycl\\u00e9<\\\/a>, l'entreprise <strong><a href=\\\"\\\/fr\\\/?page_id=11048\\\">recherche<\\\/a> et <a href=\\\"\\\/fr\\\/?page_id=11053\\\">exp\\u00e9rimente en permanence<\\\/a> des <a href=\\\"\\\/fr\\\/?page_id=11058\\\">mati\\u00e8res \\u00e9cologiques<\\\/a> et <a href=\\\"\\\/fr\\\/?page_id=11065\\\">innovantes<\\\/a><\\\/strong> comme, par exemple, le <a href=\\\"\\\/fr\\\/?page_id=11069\\\"><strong>fil Newlife<\\\/strong><\\\/a>, fabriqu\\u00e9 \\u00e0 partir de bouteilles en plastique, le <a href=\\\"\\\/fr\\\/?page_id=11081\\\"><strong>chanvre<\\\/strong><\\\/a>, le <strong>greencel<\\\/strong>, etc.<\\\/p>\",\"margin\":\"default\"}},{\"type\":\"image\",\"props\":{\"image\":\"wp-content\\\/uploads\\\/2022\\\/03\\\/newlife-tessuto-ecosostenibile.jpg\",\"image_svg_color\":\"emphasis\",\"margin\":\"default\",\"text_align\":\"center\"}},{\"type\":\"image\",\"props\":{\"image\":\"wp-content\\\/uploads\\\/2022\\\/03\\\/logo-certificazioni-1.jpg\",\"image_svg_color\":\"emphasis\",\"margin\":\"default\"}},{\"type\":\"text\",\"props\":{\"column_breakpoint\":\"m\",\"content\":\"\n\n<p><img class=\\\" wp-image-2123 alignleft\\\" src=\\\"wp-content\\\/uploads\\\/2019\\\/07\\\/tessuti-biologici.jpeg\\\" alt=\\\"\\\" width=\\\"256\\\" height=\\\"173\\\" \\\/><\\\/p>\\n\n\n<p>Les autres produits propos\\u00e9s par Seterie Mosconi sont le r\\u00e9sultat de l'utilisation de <a href=\\\"\\\/fr\\\/?page_id=11100\\\"><strong>tissus \\u00e9cologiques<\\\/strong><\\\/a> tels que le <a href=\\\"\\\/fr\\\/?page_id=11105\\\"><strong>polyester recycl\\u00e9<\\\/strong><\\\/a>, la <a href=\\\"\\\/fr\\\/?page_id=11111\\\"><strong>laine<\\\/strong><\\\/a> et la <strong><a href=\\\"\\\/fr\\\/?page_id=11116\\\">soie<\\\/a> <a href=\\\"\\\/fr\\\/?page_id=11123\\\">biologiques<\\\/a><\\\/strong>, produits sans utilisation de substances nocives pour l'environnement, de la culture \\u00e0 la teinture.<\\\/p>\",\"margin\":\"default\"}}]}]}]}],\"version\":\"4.4.5\"} --><\/p>\n","protected":false},"excerpt":{"rendered":"<p>Fibres et tissus \u00e9cologiques Innovation, recherche et soin de la qualit\u00e9 Seterie Mosconi est attentive et sensible aux questions d&rsquo;\u00e9cologie et d&rsquo;impact sur l&rsquo;environnement. \u00a0 En effet, l&rsquo;industrie textile, en plus d&rsquo;\u00eatre l&rsquo;un des secteurs les plus consommateurs d&rsquo;eau au monde, est responsable d&rsquo;environ un dixi\u00e8me des \u00e9missions de gaz \u00e0 effet de serre dans [&hellip;]<\/p>\n","protected":false},"author":1,"featured_media":0,"parent":10762,"menu_order":0,"comment_status":"closed","ping_status":"closed","template":"","meta":{"_acf_changed":false,"footnotes":""},"class_list":["post-10831","page","type-page","status-publish","hentry"],"acf":[],"yoast_head":"<!-- This site is optimized with the Yoast SEO plugin v24.6 - https:\/\/yoast.com\/wordpress\/plugins\/seo\/ -->\n<title>Tissus \u00e9cologiques innovants - Tissus \u00e9co-durables - Seterie Mosconi<\/title>\n<meta name=\"description\" content=\"Seterie Mosconi produit des articles promotionnels italiens pour les entreprises avec des tissus \u00e9cologiques innovants et des tissus \u00e9co-durables\" \/>\n<meta name=\"robots\" content=\"index, follow, max-snippet:-1, max-image-preview:large, max-video-preview:-1\" \/>\n<link rel=\"canonical\" href=\"https:\/\/www.seteriemosconi.com\/fr\/production-cravates-foulards-et-echarpes-personnalises\/fibres-et-tissus-ecologiques\/\" \/>\n<meta property=\"og:locale\" content=\"fr_FR\" \/>\n<meta property=\"og:type\" content=\"article\" \/>\n<meta property=\"og:title\" content=\"Tissus \u00e9cologiques innovants - Tissus \u00e9co-durables - Seterie Mosconi\" \/>\n<meta property=\"og:description\" content=\"Seterie Mosconi produit des articles promotionnels italiens pour les entreprises avec des tissus \u00e9cologiques innovants et des tissus \u00e9co-durables\" \/>\n<meta property=\"og:url\" content=\"https:\/\/www.seteriemosconi.com\/fr\/production-cravates-foulards-et-echarpes-personnalises\/fibres-et-tissus-ecologiques\/\" \/>\n<meta property=\"og:site_name\" content=\"Seterie Mosconi\" \/>\n<meta property=\"article:publisher\" content=\"https:\/\/www.facebook.com\/SeterieMosconi\/\" \/>\n<meta property=\"article:modified_time\" content=\"2024-07-16T10:23:54+00:00\" \/>\n<meta property=\"og:image\" content=\"https:\/\/www.seteriemosconi.com\/wp-content\/uploads\/2022\/03\/cravatta-03-scalled.jpg\" \/>\n\t<meta property=\"og:image:width\" content=\"1200\" \/>\n\t<meta property=\"og:image:height\" content=\"1200\" \/>\n\t<meta property=\"og:image:type\" content=\"image\/jpeg\" \/>\n<meta name=\"twitter:card\" content=\"summary_large_image\" \/>\n<meta name=\"twitter:label1\" content=\"Dur\u00e9e de lecture estim\u00e9e\" \/>\n\t<meta name=\"twitter:data1\" content=\"1 minute\" \/>\n<script type=\"application\/ld+json\" class=\"yoast-schema-graph\">{\"@context\":\"https:\/\/schema.org\",\"@graph\":[{\"@type\":\"WebPage\",\"@id\":\"https:\/\/www.seteriemosconi.com\/fr\/production-cravates-foulards-et-echarpes-personnalises\/fibres-et-tissus-ecologiques\/\",\"url\":\"https:\/\/www.seteriemosconi.com\/fr\/production-cravates-foulards-et-echarpes-personnalises\/fibres-et-tissus-ecologiques\/\",\"name\":\"Tissus \u00e9cologiques innovants - Tissus \u00e9co-durables - Seterie Mosconi\",\"isPartOf\":{\"@id\":\"https:\/\/www.seteriemosconi.com\/fr\/#website\"},\"datePublished\":\"2019-07-09T09:55:20+00:00\",\"dateModified\":\"2024-07-16T10:23:54+00:00\",\"description\":\"Seterie Mosconi produit des articles promotionnels italiens pour les entreprises avec des tissus \u00e9cologiques innovants et des tissus \u00e9co-durables\",\"breadcrumb\":{\"@id\":\"https:\/\/www.seteriemosconi.com\/fr\/production-cravates-foulards-et-echarpes-personnalises\/fibres-et-tissus-ecologiques\/#breadcrumb\"},\"inLanguage\":\"fr-FR\",\"potentialAction\":[{\"@type\":\"ReadAction\",\"target\":[\"https:\/\/www.seteriemosconi.com\/fr\/production-cravates-foulards-et-echarpes-personnalises\/fibres-et-tissus-ecologiques\/\"]}]},{\"@type\":\"BreadcrumbList\",\"@id\":\"https:\/\/www.seteriemosconi.com\/fr\/production-cravates-foulards-et-echarpes-personnalises\/fibres-et-tissus-ecologiques\/#breadcrumb\",\"itemListElement\":[{\"@type\":\"ListItem\",\"position\":1,\"name\":\"Home\",\"item\":\"https:\/\/www.seteriemosconi.com\/fr\/\"},{\"@type\":\"ListItem\",\"position\":2,\"name\":\"Production\",\"item\":\"https:\/\/www.seteriemosconi.com\/fr\/production-cravates-foulards-et-echarpes-personnalises\/\"},{\"@type\":\"ListItem\",\"position\":3,\"name\":\"Fibres et tissus \u00e9cologiques\"}]},{\"@type\":\"WebSite\",\"@id\":\"https:\/\/www.seteriemosconi.com\/fr\/#website\",\"url\":\"https:\/\/www.seteriemosconi.com\/fr\/\",\"name\":\"Seterie Mosconi\",\"description\":\"\",\"publisher\":{\"@id\":\"https:\/\/www.seteriemosconi.com\/fr\/#organization\"},\"alternateName\":\"Articoli promozionali per aziende\",\"potentialAction\":[{\"@type\":\"SearchAction\",\"target\":{\"@type\":\"EntryPoint\",\"urlTemplate\":\"https:\/\/www.seteriemosconi.com\/fr\/?s={search_term_string}\"},\"query-input\":{\"@type\":\"PropertyValueSpecification\",\"valueRequired\":true,\"valueName\":\"search_term_string\"}}],\"inLanguage\":\"fr-FR\"},{\"@type\":\"Organization\",\"@id\":\"https:\/\/www.seteriemosconi.com\/fr\/#organization\",\"name\":\"Seterie Mosconi\",\"alternateName\":\"Articoli promozionali per aziende\",\"url\":\"https:\/\/www.seteriemosconi.com\/fr\/\",\"logo\":{\"@type\":\"ImageObject\",\"inLanguage\":\"fr-FR\",\"@id\":\"https:\/\/www.seteriemosconi.com\/fr\/#\/schema\/logo\/image\/\",\"url\":\"https:\/\/www.seteriemosconi.com\/wp-content\/uploads\/2018\/01\/logo_mosconi-seteria.png\",\"contentUrl\":\"https:\/\/www.seteriemosconi.com\/wp-content\/uploads\/2018\/01\/logo_mosconi-seteria.png\",\"width\":500,\"height\":148,\"caption\":\"Seterie Mosconi\"},\"image\":{\"@id\":\"https:\/\/www.seteriemosconi.com\/fr\/#\/schema\/logo\/image\/\"},\"sameAs\":[\"https:\/\/www.facebook.com\/SeterieMosconi\/\",\"https:\/\/instagram.com\/seterie_mosconi\",\"https:\/\/www.linkedin.com\/company\/seterie-mosconi-ties-and-scarves\/\"]}]}<\/script>\n<!-- \/ Yoast SEO plugin. -->","yoast_head_json":{"title":"Tissus \u00e9cologiques innovants - Tissus \u00e9co-durables - Seterie Mosconi","description":"Seterie Mosconi produit des articles promotionnels italiens pour les entreprises avec des tissus \u00e9cologiques innovants et des tissus \u00e9co-durables","robots":{"index":"index","follow":"follow","max-snippet":"max-snippet:-1","max-image-preview":"max-image-preview:large","max-video-preview":"max-video-preview:-1"},"canonical":"https:\/\/www.seteriemosconi.com\/fr\/production-cravates-foulards-et-echarpes-personnalises\/fibres-et-tissus-ecologiques\/","og_locale":"fr_FR","og_type":"article","og_title":"Tissus \u00e9cologiques innovants - Tissus \u00e9co-durables - Seterie Mosconi","og_description":"Seterie Mosconi produit des articles promotionnels italiens pour les entreprises avec des tissus \u00e9cologiques innovants et des tissus \u00e9co-durables","og_url":"https:\/\/www.seteriemosconi.com\/fr\/production-cravates-foulards-et-echarpes-personnalises\/fibres-et-tissus-ecologiques\/","og_site_name":"Seterie Mosconi","article_publisher":"https:\/\/www.facebook.com\/SeterieMosconi\/","article_modified_time":"2024-07-16T10:23:54+00:00","og_image":[{"width":1200,"height":1200,"url":"https:\/\/www.seteriemosconi.com\/wp-content\/uploads\/2022\/03\/cravatta-03-scalled.jpg","type":"image\/jpeg"}],"twitter_card":"summary_large_image","twitter_misc":{"Dur\u00e9e de lecture estim\u00e9e":"1 minute"},"schema":{"@context":"https:\/\/schema.org","@graph":[{"@type":"WebPage","@id":"https:\/\/www.seteriemosconi.com\/fr\/production-cravates-foulards-et-echarpes-personnalises\/fibres-et-tissus-ecologiques\/","url":"https:\/\/www.seteriemosconi.com\/fr\/production-cravates-foulards-et-echarpes-personnalises\/fibres-et-tissus-ecologiques\/","name":"Tissus \u00e9cologiques innovants - Tissus \u00e9co-durables - Seterie Mosconi","isPartOf":{"@id":"https:\/\/www.seteriemosconi.com\/fr\/#website"},"datePublished":"2019-07-09T09:55:20+00:00","dateModified":"2024-07-16T10:23:54+00:00","description":"Seterie Mosconi produit des articles promotionnels italiens pour les entreprises avec des tissus \u00e9cologiques innovants et des tissus \u00e9co-durables","breadcrumb":{"@id":"https:\/\/www.seteriemosconi.com\/fr\/production-cravates-foulards-et-echarpes-personnalises\/fibres-et-tissus-ecologiques\/#breadcrumb"},"inLanguage":"fr-FR","potentialAction":[{"@type":"ReadAction","target":["https:\/\/www.seteriemosconi.com\/fr\/production-cravates-foulards-et-echarpes-personnalises\/fibres-et-tissus-ecologiques\/"]}]},{"@type":"BreadcrumbList","@id":"https:\/\/www.seteriemosconi.com\/fr\/production-cravates-foulards-et-echarpes-personnalises\/fibres-et-tissus-ecologiques\/#breadcrumb","itemListElement":[{"@type":"ListItem","position":1,"name":"Home","item":"https:\/\/www.seteriemosconi.com\/fr\/"},{"@type":"ListItem","position":2,"name":"Production","item":"https:\/\/www.seteriemosconi.com\/fr\/production-cravates-foulards-et-echarpes-personnalises\/"},{"@type":"ListItem","position":3,"name":"Fibres et tissus \u00e9cologiques"}]},{"@type":"WebSite","@id":"https:\/\/www.seteriemosconi.com\/fr\/#website","url":"https:\/\/www.seteriemosconi.com\/fr\/","name":"Seterie Mosconi","description":"","publisher":{"@id":"https:\/\/www.seteriemosconi.com\/fr\/#organization"},"alternateName":"Articoli promozionali per aziende","potentialAction":[{"@type":"SearchAction","target":{"@type":"EntryPoint","urlTemplate":"https:\/\/www.seteriemosconi.com\/fr\/?s={search_term_string}"},"query-input":{"@type":"PropertyValueSpecification","valueRequired":true,"valueName":"search_term_string"}}],"inLanguage":"fr-FR"},{"@type":"Organization","@id":"https:\/\/www.seteriemosconi.com\/fr\/#organization","name":"Seterie Mosconi","alternateName":"Articoli promozionali per aziende","url":"https:\/\/www.seteriemosconi.com\/fr\/","logo":{"@type":"ImageObject","inLanguage":"fr-FR","@id":"https:\/\/www.seteriemosconi.com\/fr\/#\/schema\/logo\/image\/","url":"https:\/\/www.seteriemosconi.com\/wp-content\/uploads\/2018\/01\/logo_mosconi-seteria.png","contentUrl":"https:\/\/www.seteriemosconi.com\/wp-content\/uploads\/2018\/01\/logo_mosconi-seteria.png","width":500,"height":148,"caption":"Seterie Mosconi"},"image":{"@id":"https:\/\/www.seteriemosconi.com\/fr\/#\/schema\/logo\/image\/"},"sameAs":["https:\/\/www.facebook.com\/SeterieMosconi\/","https:\/\/instagram.com\/seterie_mosconi","https:\/\/www.linkedin.com\/company\/seterie-mosconi-ties-and-scarves\/"]}]}},"_links":{"self":[{"href":"https:\/\/www.seteriemosconi.com\/fr\/wp-json\/wp\/v2\/pages\/10831","targetHints":{"allow":["GET"]}}],"collection":[{"href":"https:\/\/www.seteriemosconi.com\/fr\/wp-json\/wp\/v2\/pages"}],"about":[{"href":"https:\/\/www.seteriemosconi.com\/fr\/wp-json\/wp\/v2\/types\/page"}],"author":[{"embeddable":true,"href":"https:\/\/www.seteriemosconi.com\/fr\/wp-json\/wp\/v2\/users\/1"}],"replies":[{"embeddable":true,"href":"https:\/\/www.seteriemosconi.com\/fr\/wp-json\/wp\/v2\/comments?post=10831"}],"version-history":[{"count":24,"href":"https:\/\/www.seteriemosconi.com\/fr\/wp-json\/wp\/v2\/pages\/10831\/revisions"}],"predecessor-version":[{"id":11124,"href":"https:\/\/www.seteriemosconi.com\/fr\/wp-json\/wp\/v2\/pages\/10831\/revisions\/11124"}],"up":[{"embeddable":true,"href":"https:\/\/www.seteriemosconi.com\/fr\/wp-json\/wp\/v2\/pages\/10762"}],"wp:attachment":[{"href":"https:\/\/www.seteriemosconi.com\/fr\/wp-json\/wp\/v2\/media?parent=10831"}],"curies":[{"name":"wp","href":"https:\/\/api.w.org\/{rel}","templated":true}]}}