{"id":10836,"date":"2017-12-19T09:57:41","date_gmt":"2017-12-19T08:57:41","guid":{"rendered":"https:\/\/www.seteriemosconi.com\/production-cravates-foulards-et-echarpes-personnalises\/tessuti-pregiati-seta\/"},"modified":"2024-07-12T08:56:35","modified_gmt":"2024-07-12T07:56:35","slug":"tissus-fins-soie","status":"publish","type":"page","link":"https:\/\/www.seteriemosconi.com\/fr\/production-cravates-foulards-et-echarpes-personnalises\/tissus-fins-soie\/","title":{"rendered":"Tissus fins"},"content":{"rendered":"<h1>Tissus fins<\/h1>\n<div>Innovation, recherche et soin de la qualit\u00e9<\/div>\n<div>\n<p><strong>Mosconi<\/strong> a une longue exp\u00e9rience dans le secteur de la mode puisqu&rsquo;elle produit \u00e9galement pour d&rsquo;importantes <strong>maisons italiennes et \u00e9trang\u00e8res<\/strong>, et applique donc, comme les grands tailleurs, la r\u00e8gle de l&rsquo;<strong>exp\u00e9rimentation au design et aux mati\u00e8res premi\u00e8res<\/strong>. Mat\u00e9riaux sophistiqu\u00e9s, jeux de transparence, \u00e9tude des couleurs : pour garantir l&rsquo;unicit\u00e9 et la caract\u00e9risation du produit, les cravates et les foulards sont, si possible, r\u00e9invent\u00e9s \u00e0 chaque fois.<\/p>\n<\/div>\n<h2>Qualit\u00e9 du fil et contr\u00f4le de la production<\/h2>\n<div>\n<p>Tant de soin et un <strong>design<\/strong> toujours <strong>raffin\u00e9<\/strong> ont \u00e9t\u00e9 r\u00e9compens\u00e9s en 1995, en Su\u00e8de, par le prix de la meilleure \u00ab\u00a0<strong>cravate promotionnelle<\/strong>\u00ab\u00a0. La d\u00e9cision de se consacrer presque enti\u00e8rement au secteur promotionnel remonte \u00e0 plus de dix ans, lorsque Giorgio Mosconi d\u00e9couvre par hasard Promotion Expo. C&rsquo;\u00e9tait la premi\u00e8re \u00e9dition du salon, raconte l&rsquo;administrateur unique, et \u00e0 l&rsquo;\u00e9poque je n&rsquo;avais particip\u00e9 qu&rsquo;en tant que visiteur. Ensuite, j&rsquo;ai particip\u00e9 \u00e0 toutes les \u00e9ditions suivantes en tant qu&rsquo;exposant\u00a0\u00bb.<\/p>\n<p>Depuis, la promotion s&rsquo;est tellement d\u00e9velopp\u00e9e qu&rsquo;elle repr\u00e9sente aujourd&rsquo;hui 50 % du chiffre d&rsquo;affaires. Dans ce secteur \u00e9galement, pour obtenir un produit de qualit\u00e9, la premi\u00e8re s\u00e9lection se fait d\u00e9j\u00e0 lors du choix de la mati\u00e8re premi\u00e8re. L&rsquo;entreprise a choisi de ne traiter que des tissus tels que la soie, la laine, le lin, le cachemire et tous leurs d\u00e9riv\u00e9s. Toutes les <strong>transformations<\/strong> et les <strong>traitements<\/strong> qui ajoutent de la valeur au produit ont lieu en Italie, dans la r\u00e9gion de C\u00f4me, qui poss\u00e8de une longue tradition en la mati\u00e8re.<\/p>\n<p>Ainsi, le produit (<em><strong>made in Italy<\/strong><\/em>) peut \u00eatre suivi directement \u00e0 travers toutes les phases de transformation : <strong>de la torsion au tissage, de l&rsquo;impression \u00e0 l&rsquo;ourlet<\/strong> et, bien s\u00fbr, \u00e0 la finition avec l&rsquo;<strong>emballage<\/strong>.<\/p>\n<\/div>\n<p><img decoding=\"async\" src=\"\/wp-content\/uploads\/2022\/03\/tessuti-pregiati-mosconi.jpg\" alt=\"\"><\/p>\n<p><!--more--><br \/>\n<!-- {\"name\":\"\",\"type\":\"layout\",\"children\":[{\"type\":\"section\",\"props\":{\"image\":\"\",\"image_position\":\"center-center\",\"media_overlay\":\"rgba(255, 255, 255, 0.26)\",\"style\":\"muted\",\"title_breakpoint\":\"xl\",\"title_position\":\"top-left\",\"title_rotation\":\"left\",\"vertical_align\":\"middle\",\"width\":\"default\"},\"children\":[{\"type\":\"row\",\"props\":{\"column_gap\":\"large\",\"layout\":\"3-4,1-4\",\"row_gap\":\"large\"},\"children\":[{\"type\":\"column\",\"props\":{\"image_position\":\"center-center\",\"media_overlay_gradient\":\"\",\"position_sticky_breakpoint\":\"m\",\"width_medium\":\"3-4\"},\"children\":[{\"type\":\"headline\",\"props\":{\"content\":\"Tissus fins\",\"margin\":\"small\",\"text_align\":\"left\",\"text_align_breakpoint\":\"m\",\"text_align_fallback\":\"center\",\"title_color\":\"primary\",\"title_decoration\":\"line\",\"title_element\":\"h1\",\"title_style\":\"heading-medium\"}},{\"type\":\"headline\",\"props\":{\"content\":\"Innovation, recherche et soin de la qualit\\u00e9\",\"margin\":\"default\",\"margin_remove_top\":true,\"text_align\":\"left\",\"text_align_breakpoint\":\"m\",\"text_align_fallback\":\"center\",\"title_element\":\"div\",\"title_font_family\":\"secondary\",\"title_style\":\"h5\"}}]},{\"type\":\"column\",\"props\":{\"image_position\":\"center-center\",\"media_overlay_gradient\":\"\",\"position_sticky_breakpoint\":\"m\",\"vertical_align\":\"middle\",\"width_medium\":\"1-4\"},\"children\":[]}]}],\"name\":\"sezione Hero pagine interne\"},{\"type\":\"section\",\"props\":{\"image_position\":\"center-center\",\"padding\":\"none\",\"style\":\"default\",\"title_breakpoint\":\"xl\",\"title_position\":\"top-left\",\"title_rotation\":\"left\",\"vertical_align\":\"middle\",\"width\":\"default\"},\"children\":[{\"type\":\"row\",\"children\":[{\"type\":\"column\",\"props\":{\"image_position\":\"center-center\",\"media_overlay_gradient\":\"\",\"position_sticky_breakpoint\":\"m\"},\"children\":[{\"type\":\"breadcrumbs\",\"props\":{\"show_current\":true,\"show_home\":true}}]}]}],\"name\":\"sezione Breadcrumbs\"},{\"type\":\"section\",\"props\":{\"image_position\":\"center-center\",\"padding_remove_bottom\":true,\"style\":\"default\",\"title_breakpoint\":\"xl\",\"title_position\":\"top-left\",\"title_rotation\":\"left\",\"vertical_align\":\"middle\",\"width\":\"default\"},\"children\":[{\"type\":\"row\",\"props\":{\"width\":\"small\"},\"children\":[{\"type\":\"column\",\"props\":{\"image_position\":\"center-center\",\"media_overlay_gradient\":\"\",\"position_sticky_breakpoint\":\"m\"},\"children\":[{\"type\":\"text\",\"props\":{\"column_breakpoint\":\"m\",\"content\":\"\n\n<p><strong>Mosconi<\\\/strong> a une longue exp\\u00e9rience dans le secteur de la mode puisqu'elle produit \\u00e9galement pour d'importantes <strong>maisons italiennes et \\u00e9trang\\u00e8res<\\\/strong>, et applique donc, comme les grands tailleurs, la r\\u00e8gle de l'<strong>exp\\u00e9rimentation au design et aux mati\\u00e8res premi\\u00e8res<\\\/strong>. Mat\\u00e9riaux sophistiqu\\u00e9s, jeux de transparence, \\u00e9tude des couleurs : pour garantir l'unicit\\u00e9 et la caract\\u00e9risation du produit, les cravates et les foulards sont, si possible, r\\u00e9invent\\u00e9s \\u00e0 chaque fois.<\\\/p>\",\"margin\":\"default\"}},{\"type\":\"headline\",\"props\":{\"content\":\"Qualit\\u00e9 du fil et contr\\u00f4le de la production\",\"title_element\":\"h2\"}},{\"type\":\"text\",\"props\":{\"column\":\"1-2\",\"column_breakpoint\":\"m\",\"content\":\"\n\n<p>Tant de soin et un <strong>design<\\\/strong> toujours <strong>raffin\\u00e9<\\\/strong> ont \\u00e9t\\u00e9 r\\u00e9compens\\u00e9s en 1995, en Su\\u00e8de, par le prix de la meilleure \\\"<strong>cravate promotionnelle<\\\/strong>\\\". La d\\u00e9cision de se consacrer presque enti\\u00e8rement au secteur promotionnel remonte \\u00e0 plus de dix ans, lorsque Giorgio Mosconi d\\u00e9couvre par hasard Promotion Expo. C'\\u00e9tait la premi\\u00e8re \\u00e9dition du salon, raconte l'administrateur unique, et \\u00e0 l'\\u00e9poque je n'avais particip\\u00e9 qu'en tant que visiteur. Ensuite, j'ai particip\\u00e9 \\u00e0 toutes les \\u00e9ditions suivantes en tant qu'exposant\\\".<\\\/p>\\n\n\n<p>Depuis, la promotion s'est tellement d\\u00e9velopp\\u00e9e qu'elle repr\\u00e9sente aujourd'hui 50 % du chiffre d'affaires. Dans ce secteur \\u00e9galement, pour obtenir un produit de qualit\\u00e9, la premi\\u00e8re s\\u00e9lection se fait d\\u00e9j\\u00e0 lors du choix de la mati\\u00e8re premi\\u00e8re. L'entreprise a choisi de ne traiter que des tissus tels que la soie, la laine, le lin, le cachemire et tous leurs d\\u00e9riv\\u00e9s. Toutes les <strong>transformations<\\\/strong> et les <strong>traitements<\\\/strong> qui ajoutent de la valeur au produit ont lieu en Italie, dans la r\\u00e9gion de C\\u00f4me, qui poss\\u00e8de une longue tradition en la mati\\u00e8re.<\\\/p>\\n\n\n<p>Ainsi, le produit (<em><strong>made in Italy<\\\/strong><\\\/em>) peut \\u00eatre suivi directement \\u00e0 travers toutes les phases de transformation : <strong>de la torsion au tissage, de l'impression \\u00e0 l'ourlet<\\\/strong> et, bien s\\u00fbr, \\u00e0 la finition avec l'<strong>emballage<\\\/strong>.<\\\/p>\",\"margin\":\"default\"}},{\"type\":\"image\",\"props\":{\"image\":\"wp-content\\\/uploads\\\/2022\\\/03\\\/tessuti-pregiati-mosconi.jpg\",\"image_svg_color\":\"emphasis\",\"margin\":\"default\"}}]}]}]}],\"version\":\"3.0.21\"} --><\/p>\n","protected":false},"excerpt":{"rendered":"<p>Tissus fins Innovation, recherche et soin de la qualit\u00e9 Mosconi a une longue exp\u00e9rience dans le secteur de la mode puisqu&rsquo;elle produit \u00e9galement pour d&rsquo;importantes maisons italiennes et \u00e9trang\u00e8res, et applique donc, comme les grands tailleurs, la r\u00e8gle de l&rsquo;exp\u00e9rimentation au design et aux mati\u00e8res premi\u00e8res. Mat\u00e9riaux sophistiqu\u00e9s, jeux de transparence, \u00e9tude des couleurs : [&hellip;]<\/p>\n","protected":false},"author":1,"featured_media":0,"parent":10762,"menu_order":0,"comment_status":"closed","ping_status":"closed","template":"","meta":{"_acf_changed":false,"footnotes":""},"class_list":["post-10836","page","type-page","status-publish","hentry"],"acf":[],"yoast_head":"<!-- This site is optimized with the Yoast SEO plugin v24.6 - https:\/\/yoast.com\/wordpress\/plugins\/seo\/ -->\n<title>Tissus pour cravates, foulards et \u00e9charpes - Tissus fins - Seterie Mosconi<\/title>\n<meta name=\"description\" content=\"Seterie Mosconi produit des produits italiens et des articles promotionnels pour les entreprises avec des tissus raffin\u00e9s. Tissus pour cravates, foulards et \u00e9charpes\" \/>\n<meta name=\"robots\" content=\"index, follow, max-snippet:-1, max-image-preview:large, max-video-preview:-1\" \/>\n<link rel=\"canonical\" href=\"https:\/\/www.seteriemosconi.com\/fr\/production-cravates-foulards-et-echarpes-personnalises\/tissus-fins-soie\/\" \/>\n<meta property=\"og:locale\" content=\"fr_FR\" \/>\n<meta property=\"og:type\" content=\"article\" \/>\n<meta property=\"og:title\" content=\"Tissus pour cravates, foulards et \u00e9charpes - Tissus fins - Seterie Mosconi\" \/>\n<meta property=\"og:description\" content=\"Seterie Mosconi produit des produits italiens et des articles promotionnels pour les entreprises avec des tissus raffin\u00e9s. Tissus pour cravates, foulards et \u00e9charpes\" \/>\n<meta property=\"og:url\" content=\"https:\/\/www.seteriemosconi.com\/fr\/production-cravates-foulards-et-echarpes-personnalises\/tissus-fins-soie\/\" \/>\n<meta property=\"og:site_name\" content=\"Seterie Mosconi\" \/>\n<meta property=\"article:publisher\" content=\"https:\/\/www.facebook.com\/SeterieMosconi\/\" \/>\n<meta property=\"article:modified_time\" content=\"2024-07-12T07:56:35+00:00\" \/>\n<meta property=\"og:image\" content=\"https:\/\/www.seteriemosconi.com\/wp-content\/uploads\/2022\/03\/cravatta-03-scalled.jpg\" \/>\n\t<meta property=\"og:image:width\" content=\"1200\" \/>\n\t<meta property=\"og:image:height\" content=\"1200\" \/>\n\t<meta property=\"og:image:type\" content=\"image\/jpeg\" \/>\n<meta name=\"twitter:card\" content=\"summary_large_image\" \/>\n<meta name=\"twitter:label1\" content=\"Dur\u00e9e de lecture estim\u00e9e\" \/>\n\t<meta name=\"twitter:data1\" content=\"2 minutes\" \/>\n<script type=\"application\/ld+json\" class=\"yoast-schema-graph\">{\"@context\":\"https:\/\/schema.org\",\"@graph\":[{\"@type\":\"WebPage\",\"@id\":\"https:\/\/www.seteriemosconi.com\/fr\/production-cravates-foulards-et-echarpes-personnalises\/tissus-fins-soie\/\",\"url\":\"https:\/\/www.seteriemosconi.com\/fr\/production-cravates-foulards-et-echarpes-personnalises\/tissus-fins-soie\/\",\"name\":\"Tissus pour cravates, foulards et \u00e9charpes - Tissus fins - Seterie Mosconi\",\"isPartOf\":{\"@id\":\"https:\/\/www.seteriemosconi.com\/fr\/#website\"},\"datePublished\":\"2017-12-19T08:57:41+00:00\",\"dateModified\":\"2024-07-12T07:56:35+00:00\",\"description\":\"Seterie Mosconi produit des produits italiens et des articles promotionnels pour les entreprises avec des tissus raffin\u00e9s. Tissus pour cravates, foulards et \u00e9charpes\",\"breadcrumb\":{\"@id\":\"https:\/\/www.seteriemosconi.com\/fr\/production-cravates-foulards-et-echarpes-personnalises\/tissus-fins-soie\/#breadcrumb\"},\"inLanguage\":\"fr-FR\",\"potentialAction\":[{\"@type\":\"ReadAction\",\"target\":[\"https:\/\/www.seteriemosconi.com\/fr\/production-cravates-foulards-et-echarpes-personnalises\/tissus-fins-soie\/\"]}]},{\"@type\":\"BreadcrumbList\",\"@id\":\"https:\/\/www.seteriemosconi.com\/fr\/production-cravates-foulards-et-echarpes-personnalises\/tissus-fins-soie\/#breadcrumb\",\"itemListElement\":[{\"@type\":\"ListItem\",\"position\":1,\"name\":\"Home\",\"item\":\"https:\/\/www.seteriemosconi.com\/fr\/\"},{\"@type\":\"ListItem\",\"position\":2,\"name\":\"Production\",\"item\":\"https:\/\/www.seteriemosconi.com\/fr\/production-cravates-foulards-et-echarpes-personnalises\/\"},{\"@type\":\"ListItem\",\"position\":3,\"name\":\"Tissus fins\"}]},{\"@type\":\"WebSite\",\"@id\":\"https:\/\/www.seteriemosconi.com\/fr\/#website\",\"url\":\"https:\/\/www.seteriemosconi.com\/fr\/\",\"name\":\"Seterie Mosconi\",\"description\":\"\",\"publisher\":{\"@id\":\"https:\/\/www.seteriemosconi.com\/fr\/#organization\"},\"alternateName\":\"Articoli promozionali per aziende\",\"potentialAction\":[{\"@type\":\"SearchAction\",\"target\":{\"@type\":\"EntryPoint\",\"urlTemplate\":\"https:\/\/www.seteriemosconi.com\/fr\/?s={search_term_string}\"},\"query-input\":{\"@type\":\"PropertyValueSpecification\",\"valueRequired\":true,\"valueName\":\"search_term_string\"}}],\"inLanguage\":\"fr-FR\"},{\"@type\":\"Organization\",\"@id\":\"https:\/\/www.seteriemosconi.com\/fr\/#organization\",\"name\":\"Seterie Mosconi\",\"alternateName\":\"Articoli promozionali per aziende\",\"url\":\"https:\/\/www.seteriemosconi.com\/fr\/\",\"logo\":{\"@type\":\"ImageObject\",\"inLanguage\":\"fr-FR\",\"@id\":\"https:\/\/www.seteriemosconi.com\/fr\/#\/schema\/logo\/image\/\",\"url\":\"https:\/\/www.seteriemosconi.com\/wp-content\/uploads\/2018\/01\/logo_mosconi-seteria.png\",\"contentUrl\":\"https:\/\/www.seteriemosconi.com\/wp-content\/uploads\/2018\/01\/logo_mosconi-seteria.png\",\"width\":500,\"height\":148,\"caption\":\"Seterie Mosconi\"},\"image\":{\"@id\":\"https:\/\/www.seteriemosconi.com\/fr\/#\/schema\/logo\/image\/\"},\"sameAs\":[\"https:\/\/www.facebook.com\/SeterieMosconi\/\",\"https:\/\/instagram.com\/seterie_mosconi\",\"https:\/\/www.linkedin.com\/company\/seterie-mosconi-ties-and-scarves\/\"]}]}<\/script>\n<!-- \/ Yoast SEO plugin. -->","yoast_head_json":{"title":"Tissus pour cravates, foulards et \u00e9charpes - Tissus fins - Seterie Mosconi","description":"Seterie Mosconi produit des produits italiens et des articles promotionnels pour les entreprises avec des tissus raffin\u00e9s. Tissus pour cravates, foulards et \u00e9charpes","robots":{"index":"index","follow":"follow","max-snippet":"max-snippet:-1","max-image-preview":"max-image-preview:large","max-video-preview":"max-video-preview:-1"},"canonical":"https:\/\/www.seteriemosconi.com\/fr\/production-cravates-foulards-et-echarpes-personnalises\/tissus-fins-soie\/","og_locale":"fr_FR","og_type":"article","og_title":"Tissus pour cravates, foulards et \u00e9charpes - Tissus fins - Seterie Mosconi","og_description":"Seterie Mosconi produit des produits italiens et des articles promotionnels pour les entreprises avec des tissus raffin\u00e9s. Tissus pour cravates, foulards et \u00e9charpes","og_url":"https:\/\/www.seteriemosconi.com\/fr\/production-cravates-foulards-et-echarpes-personnalises\/tissus-fins-soie\/","og_site_name":"Seterie Mosconi","article_publisher":"https:\/\/www.facebook.com\/SeterieMosconi\/","article_modified_time":"2024-07-12T07:56:35+00:00","og_image":[{"width":1200,"height":1200,"url":"https:\/\/www.seteriemosconi.com\/wp-content\/uploads\/2022\/03\/cravatta-03-scalled.jpg","type":"image\/jpeg"}],"twitter_card":"summary_large_image","twitter_misc":{"Dur\u00e9e de lecture estim\u00e9e":"2 minutes"},"schema":{"@context":"https:\/\/schema.org","@graph":[{"@type":"WebPage","@id":"https:\/\/www.seteriemosconi.com\/fr\/production-cravates-foulards-et-echarpes-personnalises\/tissus-fins-soie\/","url":"https:\/\/www.seteriemosconi.com\/fr\/production-cravates-foulards-et-echarpes-personnalises\/tissus-fins-soie\/","name":"Tissus pour cravates, foulards et \u00e9charpes - Tissus fins - Seterie Mosconi","isPartOf":{"@id":"https:\/\/www.seteriemosconi.com\/fr\/#website"},"datePublished":"2017-12-19T08:57:41+00:00","dateModified":"2024-07-12T07:56:35+00:00","description":"Seterie Mosconi produit des produits italiens et des articles promotionnels pour les entreprises avec des tissus raffin\u00e9s. Tissus pour cravates, foulards et \u00e9charpes","breadcrumb":{"@id":"https:\/\/www.seteriemosconi.com\/fr\/production-cravates-foulards-et-echarpes-personnalises\/tissus-fins-soie\/#breadcrumb"},"inLanguage":"fr-FR","potentialAction":[{"@type":"ReadAction","target":["https:\/\/www.seteriemosconi.com\/fr\/production-cravates-foulards-et-echarpes-personnalises\/tissus-fins-soie\/"]}]},{"@type":"BreadcrumbList","@id":"https:\/\/www.seteriemosconi.com\/fr\/production-cravates-foulards-et-echarpes-personnalises\/tissus-fins-soie\/#breadcrumb","itemListElement":[{"@type":"ListItem","position":1,"name":"Home","item":"https:\/\/www.seteriemosconi.com\/fr\/"},{"@type":"ListItem","position":2,"name":"Production","item":"https:\/\/www.seteriemosconi.com\/fr\/production-cravates-foulards-et-echarpes-personnalises\/"},{"@type":"ListItem","position":3,"name":"Tissus fins"}]},{"@type":"WebSite","@id":"https:\/\/www.seteriemosconi.com\/fr\/#website","url":"https:\/\/www.seteriemosconi.com\/fr\/","name":"Seterie Mosconi","description":"","publisher":{"@id":"https:\/\/www.seteriemosconi.com\/fr\/#organization"},"alternateName":"Articoli promozionali per aziende","potentialAction":[{"@type":"SearchAction","target":{"@type":"EntryPoint","urlTemplate":"https:\/\/www.seteriemosconi.com\/fr\/?s={search_term_string}"},"query-input":{"@type":"PropertyValueSpecification","valueRequired":true,"valueName":"search_term_string"}}],"inLanguage":"fr-FR"},{"@type":"Organization","@id":"https:\/\/www.seteriemosconi.com\/fr\/#organization","name":"Seterie Mosconi","alternateName":"Articoli promozionali per aziende","url":"https:\/\/www.seteriemosconi.com\/fr\/","logo":{"@type":"ImageObject","inLanguage":"fr-FR","@id":"https:\/\/www.seteriemosconi.com\/fr\/#\/schema\/logo\/image\/","url":"https:\/\/www.seteriemosconi.com\/wp-content\/uploads\/2018\/01\/logo_mosconi-seteria.png","contentUrl":"https:\/\/www.seteriemosconi.com\/wp-content\/uploads\/2018\/01\/logo_mosconi-seteria.png","width":500,"height":148,"caption":"Seterie Mosconi"},"image":{"@id":"https:\/\/www.seteriemosconi.com\/fr\/#\/schema\/logo\/image\/"},"sameAs":["https:\/\/www.facebook.com\/SeterieMosconi\/","https:\/\/instagram.com\/seterie_mosconi","https:\/\/www.linkedin.com\/company\/seterie-mosconi-ties-and-scarves\/"]}]}},"_links":{"self":[{"href":"https:\/\/www.seteriemosconi.com\/fr\/wp-json\/wp\/v2\/pages\/10836","targetHints":{"allow":["GET"]}}],"collection":[{"href":"https:\/\/www.seteriemosconi.com\/fr\/wp-json\/wp\/v2\/pages"}],"about":[{"href":"https:\/\/www.seteriemosconi.com\/fr\/wp-json\/wp\/v2\/types\/page"}],"author":[{"embeddable":true,"href":"https:\/\/www.seteriemosconi.com\/fr\/wp-json\/wp\/v2\/users\/1"}],"replies":[{"embeddable":true,"href":"https:\/\/www.seteriemosconi.com\/fr\/wp-json\/wp\/v2\/comments?post=10836"}],"version-history":[{"count":2,"href":"https:\/\/www.seteriemosconi.com\/fr\/wp-json\/wp\/v2\/pages\/10836\/revisions"}],"predecessor-version":[{"id":10838,"href":"https:\/\/www.seteriemosconi.com\/fr\/wp-json\/wp\/v2\/pages\/10836\/revisions\/10838"}],"up":[{"embeddable":true,"href":"https:\/\/www.seteriemosconi.com\/fr\/wp-json\/wp\/v2\/pages\/10762"}],"wp:attachment":[{"href":"https:\/\/www.seteriemosconi.com\/fr\/wp-json\/wp\/v2\/media?parent=10836"}],"curies":[{"name":"wp","href":"https:\/\/api.w.org\/{rel}","templated":true}]}}