{"id":10883,"date":"2019-07-18T10:02:01","date_gmt":"2019-07-18T09:02:01","guid":{"rendered":"https:\/\/www.seteriemosconi.com\/production-cravates-foulards-et-echarpes-personnalises\/fibres-et-tissus-ecologiques\/fibre-ecologiche\/"},"modified":"2024-07-12T11:28:08","modified_gmt":"2024-07-12T10:28:08","slug":"fibres-ecologiques","status":"publish","type":"page","link":"https:\/\/www.seteriemosconi.com\/fr\/production-cravates-foulards-et-echarpes-personnalises\/fibres-et-tissus-ecologiques\/fibres-ecologiques\/","title":{"rendered":"Fibres \u00e9cologiques"},"content":{"rendered":"<h1>Fibres \u00e9cologiques<\/h1>\n<div>Innovation, recherche et soin de la qualit\u00e9<\/div>\n<div>\n<p>Si vous \u00eates une entreprise passionn\u00e9e par la <strong>mode durable<\/strong> et que vous souhaitez offrir des articles promotionnels \u00e0 vos employ\u00e9s, vous pouvez choisir les accessoires personnalis\u00e9s en <strong>fibres \u00e9cologiques<\/strong> de la Seterie Mosconi.<\/p>\n<p>Les <strong>fibres \u00e9cologiques<\/strong> sont un \u00e9l\u00e9ment indispensable de la <strong>mode dite durable<\/strong>. Gr\u00e2ce \u00e0 l&rsquo;utilisation de tissus naturels, tels que le coton ou la laine biologiques, plusieurs fabricants ont aujourd&rsquo;hui d\u00e9cid\u00e9 de r\u00e9pondre aux besoins de consommateurs plus <strong>soucieux de l&rsquo;environnement<\/strong>.<\/p>\n<p>Depuis plus de 50 ans, <strong>Seterie Mosconi<\/strong>, gr\u00e2ce \u00e0 son tr\u00e8s haut niveau de qualit\u00e9, a r\u00e9ussi \u00e0 se faire une place de choix sur la sc\u00e8ne nationale et internationale en ce qui concerne l&rsquo;utilisation de <strong>fibres \u00e9cologiques<\/strong> capables de r\u00e9duire l&rsquo;impact de l&rsquo;ensemble du cycle de production d&rsquo;un v\u00eatement. Un choix de l&rsquo;entreprise Lipomo qui vise \u00e0 lutter contre la <strong>pollution de l&rsquo;environnement<\/strong>. Garantir, en effet, des produits de la plus haute qualit\u00e9 et en m\u00eame temps hautement \u00e9cologiques, peut, sans l&rsquo;ombre d&rsquo;un doute, favoriser un changement radical dans la mentalit\u00e9 des acheteurs.<\/p>\n<p>Dans une industrie comme le textile, qui consomme le plus d&rsquo;eau au monde et qui est responsable du plus grand nombre d&rsquo;\u00e9missions de gaz \u00e0 effet de serre dans l&rsquo;atmosph\u00e8re, produire et vendre aujourd&rsquo;hui des produits d&rsquo;habillement fabriqu\u00e9s \u00e0 partir de <strong>fibres \u00e9cologiques<\/strong> est un grand signe de renouveau et un exemple pour les g\u00e9n\u00e9rations futures. Les <strong>textiles \u00e9cologiques<\/strong> permettent non seulement de r\u00e9duire l&rsquo;impact sur l&rsquo;environnement, mais aussi de diminuer de mani\u00e8re significative la souffrance de millions d&rsquo;animaux.<\/p>\n<\/div>\n<p><img decoding=\"async\" src=\"\/wp-content\/uploads\/2022\/03\/logo-certificazioni.jpg\" alt=\"\"><\/p>\n<p><!--more--><br \/>\n<!-- {\"type\":\"layout\",\"children\":[{\"type\":\"section\",\"props\":{\"image_position\":\"center-center\",\"media_overlay\":\"rgba(255, 255, 255, 0.26)\",\"style\":\"muted\",\"title_breakpoint\":\"xl\",\"title_position\":\"top-left\",\"title_rotation\":\"left\",\"vertical_align\":\"\",\"width\":\"default\"},\"children\":[{\"type\":\"row\",\"props\":{\"column_gap\":\"large\",\"layout\":\"3-4,1-4\",\"row_gap\":\"large\"},\"children\":[{\"type\":\"column\",\"props\":{\"image_position\":\"center-center\",\"position_sticky_breakpoint\":\"m\",\"width_medium\":\"3-4\"},\"children\":[{\"type\":\"headline\",\"props\":{\"content\":\"Fibres \\u00e9cologiques\",\"margin\":\"small\",\"text_align\":\"left\",\"text_align_breakpoint\":\"m\",\"text_align_fallback\":\"center\",\"title_color\":\"primary\",\"title_decoration\":\"line\",\"title_element\":\"h1\",\"title_style\":\"heading-medium\"}},{\"type\":\"headline\",\"props\":{\"content\":\"Innovation, recherche et soin de la qualit\\u00e9\",\"margin\":\"default\",\"margin_remove_top\":true,\"text_align\":\"left\",\"text_align_breakpoint\":\"m\",\"text_align_fallback\":\"center\",\"title_element\":\"div\",\"title_font_family\":\"secondary\",\"title_style\":\"h5\"}}]},{\"type\":\"column\",\"props\":{\"image_position\":\"center-center\",\"position_sticky_breakpoint\":\"m\",\"vertical_align\":\"middle\",\"width_medium\":\"1-4\"}}]}],\"name\":\"sezione Hero pagine interne\"},{\"type\":\"section\",\"props\":{\"image_position\":\"center-center\",\"padding\":\"none\",\"style\":\"default\",\"title_breakpoint\":\"xl\",\"title_position\":\"top-left\",\"title_rotation\":\"left\",\"vertical_align\":\"\",\"width\":\"default\"},\"children\":[{\"type\":\"row\",\"children\":[{\"type\":\"column\",\"props\":{\"image_position\":\"center-center\",\"position_sticky_breakpoint\":\"m\"},\"children\":[{\"type\":\"breadcrumbs\",\"props\":{\"show_current\":true,\"show_home\":true}}]}]}],\"name\":\"sezione Breadcrumbs\"},{\"name\":\"About\",\"type\":\"section\",\"props\":{\"image_position\":\"center-center\",\"padding\":\"none\",\"style\":\"default\",\"title_breakpoint\":\"xl\",\"title_position\":\"top-left\",\"title_rotation\":\"left\",\"vertical_align\":\"\",\"width\":\"small\"},\"children\":[{\"type\":\"row\",\"props\":{\"column_gap\":\"medium\",\"divider\":false,\"match\":false,\"row_gap\":\"medium\",\"vertical_align\":false},\"children\":[{\"type\":\"column\",\"props\":{\"image_position\":\"center-center\",\"padding\":\"small\",\"position_sticky_breakpoint\":\"m\",\"style\":\"tile-default\"},\"children\":[{\"type\":\"text\",\"props\":{\"column_breakpoint\":\"m\",\"content\":\"\n\n<p>Si vous \\u00eates une entreprise passionn\\u00e9e par la <strong>mode durable<\\\/strong> et que vous souhaitez offrir des articles promotionnels \\u00e0 vos employ\\u00e9s, vous pouvez choisir les accessoires personnalis\\u00e9s en <strong>fibres \\u00e9cologiques<\\\/strong> de la Seterie Mosconi.<\\\/p>\\n\n\n<p>Les <strong>fibres \\u00e9cologiques<\\\/strong> sont un \\u00e9l\\u00e9ment indispensable de la <strong>mode dite durable<\\\/strong>. Gr\\u00e2ce \\u00e0 l'utilisation de tissus naturels, tels que le coton ou la laine biologiques, plusieurs fabricants ont aujourd'hui d\\u00e9cid\\u00e9 de r\\u00e9pondre aux besoins de consommateurs plus <strong>soucieux de l'environnement<\\\/strong>.<\\\/p>\\n\n\n<p>Depuis plus de 50 ans, <strong>Seterie Mosconi<\\\/strong>, gr\\u00e2ce \\u00e0 son tr\\u00e8s haut niveau de qualit\\u00e9, a r\\u00e9ussi \\u00e0 se faire une place de choix sur la sc\\u00e8ne nationale et internationale en ce qui concerne l'utilisation de <strong>fibres \\u00e9cologiques<\\\/strong> capables de r\\u00e9duire l'impact de l'ensemble du cycle de production d'un v\\u00eatement. Un choix de l'entreprise Lipomo qui vise \\u00e0 lutter contre la <strong>pollution de l'environnement<\\\/strong>. Garantir, en effet, des produits de la plus haute qualit\\u00e9 et en m\\u00eame temps hautement \\u00e9cologiques, peut, sans l'ombre d'un doute, favoriser un changement radical dans la mentalit\\u00e9 des acheteurs.<\\\/p>\\n\n\n<p>Dans une industrie comme le textile, qui consomme le plus d'eau au monde et qui est responsable du plus grand nombre d'\\u00e9missions de gaz \\u00e0 effet de serre dans l'atmosph\\u00e8re, produire et vendre aujourd'hui des produits d'habillement fabriqu\\u00e9s \\u00e0 partir de <strong>fibres \\u00e9cologiques<\\\/strong> est un grand signe de renouveau et un exemple pour les g\\u00e9n\\u00e9rations futures. Les <strong>textiles \\u00e9cologiques<\\\/strong> permettent non seulement de r\\u00e9duire l'impact sur l'environnement, mais aussi de diminuer de mani\\u00e8re significative la souffrance de millions d'animaux.<\\\/p>\",\"margin\":\"default\"}},{\"type\":\"image\",\"props\":{\"image\":\"wp-content\\\/uploads\\\/2022\\\/03\\\/logo-certificazioni.jpg\",\"image_svg_color\":\"emphasis\",\"margin\":\"default\"}}]}]}]}],\"version\":\"4.4.5\"} --><\/p>\n","protected":false},"excerpt":{"rendered":"<p>Fibres \u00e9cologiques Innovation, recherche et soin de la qualit\u00e9 Si vous \u00eates une entreprise passionn\u00e9e par la mode durable et que vous souhaitez offrir des articles promotionnels \u00e0 vos employ\u00e9s, vous pouvez choisir les accessoires personnalis\u00e9s en fibres \u00e9cologiques de la Seterie Mosconi. Les fibres \u00e9cologiques sont un \u00e9l\u00e9ment indispensable de la mode dite durable. [&hellip;]<\/p>\n","protected":false},"author":1,"featured_media":0,"parent":10831,"menu_order":0,"comment_status":"closed","ping_status":"closed","template":"","meta":{"_acf_changed":false,"footnotes":""},"class_list":["post-10883","page","type-page","status-publish","hentry"],"acf":[],"yoast_head":"<!-- This site is optimized with the Yoast SEO plugin v24.6 - https:\/\/yoast.com\/wordpress\/plugins\/seo\/ -->\n<title>Tissus \u00e9cologiques - Fibres \u00e9cologiques - Seterie Mosconi cravates<\/title>\n<meta name=\"description\" content=\"Seterie Mosconi produit des articles promotionnels italiens pour les entreprises avec des tissus \u00e9cologiques et \u00e9co-durables, comme Fibres \u00e9cologiques\" \/>\n<meta name=\"robots\" content=\"index, follow, max-snippet:-1, max-image-preview:large, max-video-preview:-1\" \/>\n<link rel=\"canonical\" href=\"https:\/\/www.seteriemosconi.com\/fr\/production-cravates-foulards-et-echarpes-personnalises\/fibres-et-tissus-ecologiques\/fibres-ecologiques\/\" \/>\n<meta property=\"og:locale\" content=\"fr_FR\" \/>\n<meta property=\"og:type\" content=\"article\" \/>\n<meta property=\"og:title\" content=\"Tissus \u00e9cologiques - Fibres \u00e9cologiques - Seterie Mosconi cravates\" \/>\n<meta property=\"og:description\" content=\"Seterie Mosconi produit des articles promotionnels italiens pour les entreprises avec des tissus \u00e9cologiques et \u00e9co-durables, comme Fibres \u00e9cologiques\" \/>\n<meta property=\"og:url\" content=\"https:\/\/www.seteriemosconi.com\/fr\/production-cravates-foulards-et-echarpes-personnalises\/fibres-et-tissus-ecologiques\/fibres-ecologiques\/\" \/>\n<meta property=\"og:site_name\" content=\"Seterie Mosconi\" \/>\n<meta property=\"article:publisher\" content=\"https:\/\/www.facebook.com\/SeterieMosconi\/\" \/>\n<meta property=\"article:modified_time\" content=\"2024-07-12T10:28:08+00:00\" \/>\n<meta property=\"og:image\" content=\"https:\/\/www.seteriemosconi.com\/wp-content\/uploads\/2022\/03\/cravatta-03-scalled.jpg\" \/>\n\t<meta property=\"og:image:width\" content=\"1200\" \/>\n\t<meta property=\"og:image:height\" content=\"1200\" \/>\n\t<meta property=\"og:image:type\" content=\"image\/jpeg\" \/>\n<meta name=\"twitter:card\" content=\"summary_large_image\" \/>\n<meta name=\"twitter:label1\" content=\"Dur\u00e9e de lecture estim\u00e9e\" \/>\n\t<meta name=\"twitter:data1\" content=\"1 minute\" \/>\n<script type=\"application\/ld+json\" class=\"yoast-schema-graph\">{\"@context\":\"https:\/\/schema.org\",\"@graph\":[{\"@type\":\"WebPage\",\"@id\":\"https:\/\/www.seteriemosconi.com\/fr\/production-cravates-foulards-et-echarpes-personnalises\/fibres-et-tissus-ecologiques\/fibres-ecologiques\/\",\"url\":\"https:\/\/www.seteriemosconi.com\/fr\/production-cravates-foulards-et-echarpes-personnalises\/fibres-et-tissus-ecologiques\/fibres-ecologiques\/\",\"name\":\"Tissus \u00e9cologiques - Fibres \u00e9cologiques - Seterie Mosconi cravates\",\"isPartOf\":{\"@id\":\"https:\/\/www.seteriemosconi.com\/fr\/#website\"},\"datePublished\":\"2019-07-18T09:02:01+00:00\",\"dateModified\":\"2024-07-12T10:28:08+00:00\",\"description\":\"Seterie Mosconi produit des articles promotionnels italiens pour les entreprises avec des tissus \u00e9cologiques et \u00e9co-durables, comme Fibres \u00e9cologiques\",\"breadcrumb\":{\"@id\":\"https:\/\/www.seteriemosconi.com\/fr\/production-cravates-foulards-et-echarpes-personnalises\/fibres-et-tissus-ecologiques\/fibres-ecologiques\/#breadcrumb\"},\"inLanguage\":\"fr-FR\",\"potentialAction\":[{\"@type\":\"ReadAction\",\"target\":[\"https:\/\/www.seteriemosconi.com\/fr\/production-cravates-foulards-et-echarpes-personnalises\/fibres-et-tissus-ecologiques\/fibres-ecologiques\/\"]}]},{\"@type\":\"BreadcrumbList\",\"@id\":\"https:\/\/www.seteriemosconi.com\/fr\/production-cravates-foulards-et-echarpes-personnalises\/fibres-et-tissus-ecologiques\/fibres-ecologiques\/#breadcrumb\",\"itemListElement\":[{\"@type\":\"ListItem\",\"position\":1,\"name\":\"Home\",\"item\":\"https:\/\/www.seteriemosconi.com\/fr\/\"},{\"@type\":\"ListItem\",\"position\":2,\"name\":\"Production\",\"item\":\"https:\/\/www.seteriemosconi.com\/fr\/production-cravates-foulards-et-echarpes-personnalises\/\"},{\"@type\":\"ListItem\",\"position\":3,\"name\":\"Fibres et tissus \u00e9cologiques\",\"item\":\"https:\/\/www.seteriemosconi.com\/fr\/production-of-italian-promotional-products\/ecological-fibers-and-fabrics\/\"},{\"@type\":\"ListItem\",\"position\":4,\"name\":\"Fibres \u00e9cologiques\"}]},{\"@type\":\"WebSite\",\"@id\":\"https:\/\/www.seteriemosconi.com\/fr\/#website\",\"url\":\"https:\/\/www.seteriemosconi.com\/fr\/\",\"name\":\"Seterie Mosconi\",\"description\":\"\",\"publisher\":{\"@id\":\"https:\/\/www.seteriemosconi.com\/fr\/#organization\"},\"alternateName\":\"Articoli promozionali per aziende\",\"potentialAction\":[{\"@type\":\"SearchAction\",\"target\":{\"@type\":\"EntryPoint\",\"urlTemplate\":\"https:\/\/www.seteriemosconi.com\/fr\/?s={search_term_string}\"},\"query-input\":{\"@type\":\"PropertyValueSpecification\",\"valueRequired\":true,\"valueName\":\"search_term_string\"}}],\"inLanguage\":\"fr-FR\"},{\"@type\":\"Organization\",\"@id\":\"https:\/\/www.seteriemosconi.com\/fr\/#organization\",\"name\":\"Seterie Mosconi\",\"alternateName\":\"Articoli promozionali per aziende\",\"url\":\"https:\/\/www.seteriemosconi.com\/fr\/\",\"logo\":{\"@type\":\"ImageObject\",\"inLanguage\":\"fr-FR\",\"@id\":\"https:\/\/www.seteriemosconi.com\/fr\/#\/schema\/logo\/image\/\",\"url\":\"https:\/\/www.seteriemosconi.com\/wp-content\/uploads\/2018\/01\/logo_mosconi-seteria.png\",\"contentUrl\":\"https:\/\/www.seteriemosconi.com\/wp-content\/uploads\/2018\/01\/logo_mosconi-seteria.png\",\"width\":500,\"height\":148,\"caption\":\"Seterie Mosconi\"},\"image\":{\"@id\":\"https:\/\/www.seteriemosconi.com\/fr\/#\/schema\/logo\/image\/\"},\"sameAs\":[\"https:\/\/www.facebook.com\/SeterieMosconi\/\",\"https:\/\/instagram.com\/seterie_mosconi\",\"https:\/\/www.linkedin.com\/company\/seterie-mosconi-ties-and-scarves\/\"]}]}<\/script>\n<!-- \/ Yoast SEO plugin. -->","yoast_head_json":{"title":"Tissus \u00e9cologiques - Fibres \u00e9cologiques - Seterie Mosconi cravates","description":"Seterie Mosconi produit des articles promotionnels italiens pour les entreprises avec des tissus \u00e9cologiques et \u00e9co-durables, comme Fibres \u00e9cologiques","robots":{"index":"index","follow":"follow","max-snippet":"max-snippet:-1","max-image-preview":"max-image-preview:large","max-video-preview":"max-video-preview:-1"},"canonical":"https:\/\/www.seteriemosconi.com\/fr\/production-cravates-foulards-et-echarpes-personnalises\/fibres-et-tissus-ecologiques\/fibres-ecologiques\/","og_locale":"fr_FR","og_type":"article","og_title":"Tissus \u00e9cologiques - Fibres \u00e9cologiques - Seterie Mosconi cravates","og_description":"Seterie Mosconi produit des articles promotionnels italiens pour les entreprises avec des tissus \u00e9cologiques et \u00e9co-durables, comme Fibres \u00e9cologiques","og_url":"https:\/\/www.seteriemosconi.com\/fr\/production-cravates-foulards-et-echarpes-personnalises\/fibres-et-tissus-ecologiques\/fibres-ecologiques\/","og_site_name":"Seterie Mosconi","article_publisher":"https:\/\/www.facebook.com\/SeterieMosconi\/","article_modified_time":"2024-07-12T10:28:08+00:00","og_image":[{"width":1200,"height":1200,"url":"https:\/\/www.seteriemosconi.com\/wp-content\/uploads\/2022\/03\/cravatta-03-scalled.jpg","type":"image\/jpeg"}],"twitter_card":"summary_large_image","twitter_misc":{"Dur\u00e9e de lecture estim\u00e9e":"1 minute"},"schema":{"@context":"https:\/\/schema.org","@graph":[{"@type":"WebPage","@id":"https:\/\/www.seteriemosconi.com\/fr\/production-cravates-foulards-et-echarpes-personnalises\/fibres-et-tissus-ecologiques\/fibres-ecologiques\/","url":"https:\/\/www.seteriemosconi.com\/fr\/production-cravates-foulards-et-echarpes-personnalises\/fibres-et-tissus-ecologiques\/fibres-ecologiques\/","name":"Tissus \u00e9cologiques - Fibres \u00e9cologiques - Seterie Mosconi cravates","isPartOf":{"@id":"https:\/\/www.seteriemosconi.com\/fr\/#website"},"datePublished":"2019-07-18T09:02:01+00:00","dateModified":"2024-07-12T10:28:08+00:00","description":"Seterie Mosconi produit des articles promotionnels italiens pour les entreprises avec des tissus \u00e9cologiques et \u00e9co-durables, comme Fibres \u00e9cologiques","breadcrumb":{"@id":"https:\/\/www.seteriemosconi.com\/fr\/production-cravates-foulards-et-echarpes-personnalises\/fibres-et-tissus-ecologiques\/fibres-ecologiques\/#breadcrumb"},"inLanguage":"fr-FR","potentialAction":[{"@type":"ReadAction","target":["https:\/\/www.seteriemosconi.com\/fr\/production-cravates-foulards-et-echarpes-personnalises\/fibres-et-tissus-ecologiques\/fibres-ecologiques\/"]}]},{"@type":"BreadcrumbList","@id":"https:\/\/www.seteriemosconi.com\/fr\/production-cravates-foulards-et-echarpes-personnalises\/fibres-et-tissus-ecologiques\/fibres-ecologiques\/#breadcrumb","itemListElement":[{"@type":"ListItem","position":1,"name":"Home","item":"https:\/\/www.seteriemosconi.com\/fr\/"},{"@type":"ListItem","position":2,"name":"Production","item":"https:\/\/www.seteriemosconi.com\/fr\/production-cravates-foulards-et-echarpes-personnalises\/"},{"@type":"ListItem","position":3,"name":"Fibres et tissus \u00e9cologiques","item":"https:\/\/www.seteriemosconi.com\/fr\/production-of-italian-promotional-products\/ecological-fibers-and-fabrics\/"},{"@type":"ListItem","position":4,"name":"Fibres \u00e9cologiques"}]},{"@type":"WebSite","@id":"https:\/\/www.seteriemosconi.com\/fr\/#website","url":"https:\/\/www.seteriemosconi.com\/fr\/","name":"Seterie Mosconi","description":"","publisher":{"@id":"https:\/\/www.seteriemosconi.com\/fr\/#organization"},"alternateName":"Articoli promozionali per aziende","potentialAction":[{"@type":"SearchAction","target":{"@type":"EntryPoint","urlTemplate":"https:\/\/www.seteriemosconi.com\/fr\/?s={search_term_string}"},"query-input":{"@type":"PropertyValueSpecification","valueRequired":true,"valueName":"search_term_string"}}],"inLanguage":"fr-FR"},{"@type":"Organization","@id":"https:\/\/www.seteriemosconi.com\/fr\/#organization","name":"Seterie Mosconi","alternateName":"Articoli promozionali per aziende","url":"https:\/\/www.seteriemosconi.com\/fr\/","logo":{"@type":"ImageObject","inLanguage":"fr-FR","@id":"https:\/\/www.seteriemosconi.com\/fr\/#\/schema\/logo\/image\/","url":"https:\/\/www.seteriemosconi.com\/wp-content\/uploads\/2018\/01\/logo_mosconi-seteria.png","contentUrl":"https:\/\/www.seteriemosconi.com\/wp-content\/uploads\/2018\/01\/logo_mosconi-seteria.png","width":500,"height":148,"caption":"Seterie Mosconi"},"image":{"@id":"https:\/\/www.seteriemosconi.com\/fr\/#\/schema\/logo\/image\/"},"sameAs":["https:\/\/www.facebook.com\/SeterieMosconi\/","https:\/\/instagram.com\/seterie_mosconi","https:\/\/www.linkedin.com\/company\/seterie-mosconi-ties-and-scarves\/"]}]}},"_links":{"self":[{"href":"https:\/\/www.seteriemosconi.com\/fr\/wp-json\/wp\/v2\/pages\/10883","targetHints":{"allow":["GET"]}}],"collection":[{"href":"https:\/\/www.seteriemosconi.com\/fr\/wp-json\/wp\/v2\/pages"}],"about":[{"href":"https:\/\/www.seteriemosconi.com\/fr\/wp-json\/wp\/v2\/types\/page"}],"author":[{"embeddable":true,"href":"https:\/\/www.seteriemosconi.com\/fr\/wp-json\/wp\/v2\/users\/1"}],"replies":[{"embeddable":true,"href":"https:\/\/www.seteriemosconi.com\/fr\/wp-json\/wp\/v2\/comments?post=10883"}],"version-history":[{"count":6,"href":"https:\/\/www.seteriemosconi.com\/fr\/wp-json\/wp\/v2\/pages\/10883\/revisions"}],"predecessor-version":[{"id":10895,"href":"https:\/\/www.seteriemosconi.com\/fr\/wp-json\/wp\/v2\/pages\/10883\/revisions\/10895"}],"up":[{"embeddable":true,"href":"https:\/\/www.seteriemosconi.com\/fr\/wp-json\/wp\/v2\/pages\/10831"}],"wp:attachment":[{"href":"https:\/\/www.seteriemosconi.com\/fr\/wp-json\/wp\/v2\/media?parent=10883"}],"curies":[{"name":"wp","href":"https:\/\/api.w.org\/{rel}","templated":true}]}}