{"id":10939,"date":"2019-07-19T14:51:31","date_gmt":"2019-07-19T13:51:31","guid":{"rendered":"https:\/\/www.seteriemosconi.com\/production-cravates-foulards-et-echarpes-personnalises\/fibres-et-tissus-ecologiques\/fibre-innovative\/"},"modified":"2024-09-04T09:48:49","modified_gmt":"2024-09-04T08:48:49","slug":"fibres-innovantes","status":"publish","type":"page","link":"https:\/\/www.seteriemosconi.com\/fr\/production-cravates-foulards-et-echarpes-personnalises\/fibres-et-tissus-ecologiques\/fibres-innovantes\/","title":{"rendered":"Fibres innovantes"},"content":{"rendered":"<h1>Fibres innovantes<\/h1>\n<div>Innovation, recherche et soin de la qualit\u00e9<\/div>\n<div>\n<p>Vous \u00eates une entreprise int\u00e9ress\u00e9e par des articles promotionnels fabriqu\u00e9s \u00e0 partir de <strong>fibres innovantes<\/strong> ? Si vous r\u00e9pondez par l&rsquo;affirmative, <strong>Seterie Mosconi<\/strong> est faite pour vous.<\/p>\n<p>Depuis quelque temps, la production de tissus en <strong>fibres naturelles<\/strong> se d\u00e9veloppe en Italie. Les fibres naturelles, par opposition aux fibres artificielles ou synth\u00e9tiques, proviennent d&rsquo;animaux (soie, laine) et de v\u00e9g\u00e9taux (lin, chanvre, coton).<\/p>\n<p>Aujourd&rsquo;hui, s&rsquo;habiller naturel garantit non seulement des solutions originales et modernes, mais permet aussi de respecter et de pr\u00e9server l&rsquo;environnement qui nous entoure et qui est de plus en plus pollu\u00e9. C&rsquo;est pourquoi plusieurs fabricants mondiaux ont d\u00e9cid\u00e9 de r\u00e9pondre aux besoins de consommateurs plus sensibles \u00e0 l&rsquo;<strong>impact environnemental<\/strong>.<\/p>\n<p>Depuis plus de 50 ans, la <strong>Seterie Mosconi<\/strong>, gr\u00e2ce \u00e0 son tr\u00e8s haut niveau de qualit\u00e9, a r\u00e9ussi \u00e0 s&rsquo;imposer sur la sc\u00e8ne nationale et internationale dans le traitement et l&rsquo;utilisation des <strong>fibres les plus innovantes<\/strong>. Il s&rsquo;agit de produits capables de r\u00e9duire l&rsquo;impact de l&rsquo;ensemble du cycle de production d&rsquo;un v\u00eatement. Garantir, en effet, des produits de la plus haute qualit\u00e9 et, en m\u00eame temps, non nocifs pour l&rsquo;environnement, peut, sans l&rsquo;ombre d&rsquo;un doute, encourager un changement radical dans la mentalit\u00e9 des acheteurs.<\/p>\n<p>L&rsquo;entreprise bas\u00e9e \u00e0 Lipomo est depuis longtemps \u00e0 la pointe de la <strong>lutte contre la pollution de l&rsquo;environnement<\/strong>, essayant d&rsquo;\u00e9duquer ses acheteurs \u00e0 utiliser <strong>des fibres et des tissus respectueux de l&rsquo;environnement<\/strong>.<\/p>\n<\/div>\n<p><img decoding=\"async\" src=\"\/wp-content\/uploads\/2022\/03\/logo-certificazioni.jpg\" alt=\"\"><\/p>\n<p><!--more--><br \/>\n<!-- {\"type\":\"layout\",\"children\":[{\"type\":\"section\",\"props\":{\"image_position\":\"center-center\",\"media_overlay\":\"rgba(255, 255, 255, 0.26)\",\"style\":\"muted\",\"title_breakpoint\":\"xl\",\"title_position\":\"top-left\",\"title_rotation\":\"left\",\"vertical_align\":\"\",\"width\":\"default\"},\"children\":[{\"type\":\"row\",\"props\":{\"column_gap\":\"large\",\"layout\":\"3-4,1-4\",\"row_gap\":\"large\"},\"children\":[{\"type\":\"column\",\"props\":{\"image_position\":\"center-center\",\"position_sticky_breakpoint\":\"m\",\"width_medium\":\"3-4\"},\"children\":[{\"type\":\"headline\",\"props\":{\"content\":\"Fibres innovantes\",\"margin\":\"small\",\"text_align\":\"left\",\"text_align_breakpoint\":\"m\",\"text_align_fallback\":\"center\",\"title_color\":\"primary\",\"title_decoration\":\"line\",\"title_element\":\"h1\",\"title_style\":\"heading-medium\"}},{\"type\":\"headline\",\"props\":{\"content\":\"Innovation, recherche et soin de la qualit\\u00e9\",\"margin\":\"default\",\"margin_remove_top\":true,\"text_align\":\"left\",\"text_align_breakpoint\":\"m\",\"text_align_fallback\":\"center\",\"title_element\":\"div\",\"title_font_family\":\"secondary\",\"title_style\":\"h5\"}}]},{\"type\":\"column\",\"props\":{\"image_position\":\"center-center\",\"position_sticky_breakpoint\":\"m\",\"vertical_align\":\"middle\",\"width_medium\":\"1-4\"}}]}],\"name\":\"sezione Hero pagine interne\"},{\"type\":\"section\",\"props\":{\"image_position\":\"center-center\",\"padding\":\"none\",\"style\":\"default\",\"title_breakpoint\":\"xl\",\"title_position\":\"top-left\",\"title_rotation\":\"left\",\"vertical_align\":\"\",\"width\":\"default\"},\"children\":[{\"type\":\"row\",\"children\":[{\"type\":\"column\",\"props\":{\"image_position\":\"center-center\",\"position_sticky_breakpoint\":\"m\"},\"children\":[{\"type\":\"breadcrumbs\",\"props\":{\"show_current\":true,\"show_home\":true}}]}]}],\"name\":\"sezione Breadcrumbs\"},{\"name\":\"About\",\"type\":\"section\",\"props\":{\"image_position\":\"center-center\",\"padding\":\"none\",\"style\":\"default\",\"title_breakpoint\":\"xl\",\"title_position\":\"top-left\",\"title_rotation\":\"left\",\"vertical_align\":\"\",\"width\":\"small\"},\"children\":[{\"type\":\"row\",\"props\":{\"column_gap\":\"medium\",\"divider\":false,\"match\":false,\"row_gap\":\"medium\",\"vertical_align\":false},\"children\":[{\"type\":\"column\",\"props\":{\"image_position\":\"center-center\",\"padding\":\"small\",\"position_sticky_breakpoint\":\"m\",\"style\":\"tile-default\"},\"children\":[{\"type\":\"text\",\"props\":{\"column_breakpoint\":\"m\",\"content\":\"\n\n<p>Vous \\u00eates une entreprise int\\u00e9ress\\u00e9e par des articles promotionnels fabriqu\\u00e9s \\u00e0 partir de <strong>fibres innovantes<\\\/strong> ? Si vous r\\u00e9pondez par l'affirmative, <strong>Seterie Mosconi<\\\/strong> est faite pour vous.<\\\/p>\\n\n\n<p>Depuis quelque temps, la production de tissus en <strong>fibres naturelles<\\\/strong> se d\\u00e9veloppe en Italie. Les fibres naturelles, par opposition aux fibres artificielles ou synth\\u00e9tiques, proviennent d'animaux (soie, laine) et de v\\u00e9g\\u00e9taux (lin, chanvre, coton).<\\\/p>\\n\n\n<p>Aujourd'hui, s'habiller naturel garantit non seulement des solutions originales et modernes, mais permet aussi de respecter et de pr\\u00e9server l'environnement qui nous entoure et qui est de plus en plus pollu\\u00e9. C'est pourquoi plusieurs fabricants mondiaux ont d\\u00e9cid\\u00e9 de r\\u00e9pondre aux besoins de consommateurs plus sensibles \\u00e0 l'<strong>impact environnemental<\\\/strong>.<\\\/p>\\n\n\n<p>Depuis plus de 50 ans, la <strong>Seterie Mosconi<\\\/strong>, gr\\u00e2ce \\u00e0 son tr\\u00e8s haut niveau de qualit\\u00e9, a r\\u00e9ussi \\u00e0 s'imposer sur la sc\\u00e8ne nationale et internationale dans le traitement et l'utilisation des <strong>fibres les plus innovantes<\\\/strong>. Il s'agit de produits capables de r\\u00e9duire l'impact de l'ensemble du cycle de production d'un v\\u00eatement. Garantir, en effet, des produits de la plus haute qualit\\u00e9 et, en m\\u00eame temps, non nocifs pour l'environnement, peut, sans l'ombre d'un doute, encourager un changement radical dans la mentalit\\u00e9 des acheteurs.<\\\/p>\\n\n\n<p>L'entreprise bas\\u00e9e \\u00e0 Lipomo est depuis longtemps \\u00e0 la pointe de la <strong>lutte contre la pollution de l'environnement<\\\/strong>, essayant d'\\u00e9duquer ses acheteurs \\u00e0 utiliser <strong>des fibres et des tissus respectueux de l'environnement<\\\/strong>.<\\\/p>\",\"margin\":\"default\"}},{\"type\":\"image\",\"props\":{\"image\":\"wp-content\\\/uploads\\\/2022\\\/03\\\/logo-certificazioni.jpg\",\"image_svg_color\":\"emphasis\",\"margin\":\"default\"}}]}]}]},{\"name\":\"Pagina Fibre ecologiche\",\"type\":\"section\",\"props\":{\"image_position\":\"center-center\",\"padding\":\"none\",\"status\":\"disabled\",\"style\":\"default\",\"title_breakpoint\":\"xl\",\"title_position\":\"top-left\",\"title_rotation\":\"left\",\"vertical_align\":\"\",\"width\":\"\"},\"children\":[{\"type\":\"row\",\"props\":{\"column_gap\":\"medium\",\"divider\":true,\"layout\":\"2-3,1-3\",\"match\":false,\"row_gap\":\"medium\",\"vertical_align\":false},\"children\":[{\"type\":\"column\",\"props\":{\"image_position\":\"center-center\",\"padding\":\"small\",\"position_sticky_breakpoint\":\"m\",\"style\":\"tile-default\",\"width_medium\":\"2-3\"},\"children\":[{\"type\":\"headline\",\"props\":{\"content\":\"Vous \\u00eates une entreprise et souhaitez plus d'informations ?\",\"title_element\":\"h2\"}},{\"type\":\"html\",\"props\":{\"content\":\"[widgetkit id=\\\"10\\\"] \"}},{\"type\":\"headline\",\"props\":{\"content\":\"Nos liens\",\"title_element\":\"h1\",\"title_style\":\"h3\"}},{\"name\":\"gallery cravatte\",\"type\":\"gallery\",\"props\":{\"filter_align\":\"left\",\"filter_all\":true,\"filter_grid_breakpoint\":\"m\",\"filter_grid_width\":\"auto\",\"filter_position\":\"top\",\"filter_style\":\"tab\",\"grid_default\":\"1\",\"grid_medium\":\"3\",\"image_box_decoration\":\"shadow\",\"image_box_shadow\":\"large\",\"image_box_shadow_bottom\":true,\"image_height\":\"300\",\"image_width\":\"400\",\"item_animation\":true,\"lightbox\":true,\"link_style\":\"default\",\"link_text\":\"\",\"margin\":\"default\",\"meta_align\":\"below-title\",\"meta_element\":\"div\",\"meta_style\":\"text-meta\",\"overlay_hover\":true,\"overlay_link\":true,\"overlay_mode\":\"cover\",\"overlay_position\":\"center\",\"overlay_style\":\"overlay-primary\",\"overlay_transition\":\"fade\",\"parallax_easing\":\"1\",\"show_content\":false,\"show_hover_image\":true,\"show_hover_video\":true,\"show_link\":true,\"show_meta\":true,\"show_title\":true,\"text_align\":\"\",\"text_color\":\"light\",\"title_element\":\"h3\",\"title_hover_style\":\"reset\"},\"children\":[{\"type\":\"gallery_item\",\"props\":{\"image\":\"wp-content\\\/uploads\\\/Cravatte-in-tessuto.jpg\",\"title\":\"Cravatte Sartoriali Personalizzate\"}},{\"type\":\"gallery_item\",\"props\":{\"image\":\"wp-content\\\/uploads\\\/cravatta-tessuta-tinta-unita.jpg\",\"title\":\"Cravatte Sartoriali Personalizzate\"}},{\"type\":\"gallery_item\",\"props\":{\"image\":\"wp-content\\\/uploads\\\/cravatta-tessuta.jpg\",\"title\":\"Cravatte Sartoriali Personalizzate\"}},{\"type\":\"gallery_item\",\"props\":{\"image\":\"wp-content\\\/uploads\\\/cravatta-tessuta-a-striscie.jpg\",\"title\":\"Cravatte Sartoriali Personalizzate\"}},{\"type\":\"gallery_item\",\"props\":{\"image\":\"wp-content\\\/uploads\\\/cravatta-tessuta-nera.jpg\",\"title\":\"Cravatte Sartoriali Personalizzate\"}}]},{\"type\":\"headline\",\"props\":{\"content\":\"Nos foulards\",\"title_element\":\"h1\",\"title_style\":\"h3\"}},{\"name\":\"Gallery - foulard\",\"type\":\"gallery\",\"props\":{\"filter_align\":\"left\",\"filter_all\":true,\"filter_grid_breakpoint\":\"m\",\"filter_grid_width\":\"auto\",\"filter_position\":\"top\",\"filter_style\":\"tab\",\"grid_default\":\"1\",\"grid_medium\":\"3\",\"image_box_decoration\":\"shadow\",\"image_box_shadow\":\"large\",\"image_box_shadow_bottom\":true,\"image_height\":\"250\",\"image_width\":\"400\",\"item_animation\":true,\"lightbox\":true,\"link_style\":\"default\",\"link_text\":\"\",\"margin\":\"default\",\"meta_align\":\"below-title\",\"meta_element\":\"div\",\"meta_style\":\"text-meta\",\"overlay_hover\":true,\"overlay_link\":true,\"overlay_mode\":\"cover\",\"overlay_position\":\"center\",\"overlay_style\":\"overlay-primary\",\"overlay_transition\":\"fade\",\"parallax_easing\":\"1\",\"show_content\":false,\"show_hover_image\":true,\"show_hover_video\":true,\"show_link\":true,\"show_meta\":true,\"show_title\":true,\"text_align\":\"\",\"text_color\":\"light\",\"title_element\":\"h4\",\"title_hover_style\":\"reset\"},\"children\":[{\"type\":\"gallery_item\",\"props\":{\"image\":\"wp-content\\\/uploads\\\/foulard-00.jpg\",\"title\":\"Foulard Artigianali e Personalizzati\"}},{\"type\":\"gallery_item\",\"props\":{\"image\":\"wp-content\\\/uploads\\\/foulard-01.jpg\",\"title\":\"Foulard Artigianali e Personalizzati\"}},{\"type\":\"gallery_item\",\"props\":{\"image\":\"wp-content\\\/uploads\\\/foulard-03.jpg\",\"title\":\"Foulard Artigianali e Personalizzati\"}},{\"type\":\"gallery_item\",\"props\":{\"image\":\"wp-content\\\/uploads\\\/foulard-02.jpg\",\"title\":\"Foulard Artigianali e Personalizzati\"}},{\"type\":\"gallery_item\",\"props\":{\"image\":\"wp-content\\\/uploads\\\/foulard-04.jpg\",\"title\":\"Foulard Artigianali e Personalizzati\"}},{\"type\":\"gallery_item\",\"props\":{\"image\":\"wp-content\\\/uploads\\\/GOOD-PASSAGE-2.jpg\",\"title\":\"Foulard Artigianali e Personalizzati\"}},{\"type\":\"gallery_item\",\"props\":{\"image\":\"wp-content\\\/uploads\\\/FullSiz.jpg\",\"title\":\"Foulard Artigianali e Personalizzati\"}},{\"type\":\"gallery_item\",\"props\":{\"image\":\"wp-content\\\/uploads\\\/double-printing-big-pois-_-foulard.jpg\",\"title\":\"Foulard Artigianali e Personalizzati\"}},{\"type\":\"gallery_item\",\"props\":{\"image\":\"wp-content\\\/uploads\\\/chiffon-flower.jpg\",\"title\":\"Foulard Artigianali e Personalizzati\"}},{\"type\":\"gallery_item\",\"props\":{\"image\":\"wp-content\\\/uploads\\\/black-and-withe-d.printing.jpg\",\"title\":\"Foulard Artigianali e Personalizzati\"}}]},{\"type\":\"headline\",\"props\":{\"content\":\"Nos \\u00e9charpes\",\"title_element\":\"h1\",\"title_style\":\"h3\"}},{\"type\":\"text\",\"props\":{\"column_breakpoint\":\"m\",\"content\":\"\n\n<p>[widgetkit id=\\\"12\\\"]<\\\/p>\",\"margin\":\"default\"}}]},{\"type\":\"column\",\"props\":{\"image_position\":\"center-center\",\"padding\":\"xsmall\",\"position_sticky_breakpoint\":\"m\",\"style\":\"tile-default\",\"width_medium\":\"1-3\"},\"children\":[{\"name\":\"info\",\"type\":\"module\",\"props\":{\"margin\":\"large\",\"menu_image_align\":\"center\",\"menu_image_margin\":true,\"menu_style\":\"default\",\"menu_type\":\"nav\",\"text_align\":\"center\",\"type\":\"widgetkit\",\"widget\":\"widgetkit-2\"}},{\"name\":\"elenco prodotti\",\"type\":\"module\",\"props\":{\"menu_image_align\":\"center\",\"menu_image_margin\":true,\"menu_style\":\"default\",\"menu_type\":\"nav\",\"type\":\"widgetkit\",\"widget\":\"widgetkit-3\"}}]}]}]}],\"version\":\"4.4.5\"} --><\/p>\n","protected":false},"excerpt":{"rendered":"<p>Fibres innovantes Innovation, recherche et soin de la qualit\u00e9 Vous \u00eates une entreprise int\u00e9ress\u00e9e par des articles promotionnels fabriqu\u00e9s \u00e0 partir de fibres innovantes ? Si vous r\u00e9pondez par l&rsquo;affirmative, Seterie Mosconi est faite pour vous. Depuis quelque temps, la production de tissus en fibres naturelles se d\u00e9veloppe en Italie. Les fibres naturelles, par opposition [&hellip;]<\/p>\n","protected":false},"author":1,"featured_media":0,"parent":10831,"menu_order":0,"comment_status":"closed","ping_status":"closed","template":"","meta":{"_acf_changed":false,"footnotes":""},"class_list":["post-10939","page","type-page","status-publish","hentry"],"acf":[],"yoast_head":"<!-- This site is optimized with the Yoast SEO plugin v24.6 - https:\/\/yoast.com\/wordpress\/plugins\/seo\/ -->\n<title>Tissus \u00e9cologiques - Fibres innovantes - Seterie Mosconi cravates<\/title>\n<meta name=\"description\" content=\"Seterie Mosconi produit des articles promotionnels italiens pour les entreprises avec des tissus \u00e9cologiques et \u00e9co-durables, comme Fibres innovantes\" \/>\n<meta name=\"robots\" content=\"index, follow, max-snippet:-1, max-image-preview:large, max-video-preview:-1\" \/>\n<link rel=\"canonical\" href=\"https:\/\/www.seteriemosconi.com\/fr\/production-cravates-foulards-et-echarpes-personnalises\/fibres-et-tissus-ecologiques\/fibres-innovantes\/\" \/>\n<meta property=\"og:locale\" content=\"fr_FR\" \/>\n<meta property=\"og:type\" content=\"article\" \/>\n<meta property=\"og:title\" content=\"Tissus \u00e9cologiques - Fibres innovantes - Seterie Mosconi cravates\" \/>\n<meta property=\"og:description\" content=\"Seterie Mosconi produit des articles promotionnels italiens pour les entreprises avec des tissus \u00e9cologiques et \u00e9co-durables, comme Fibres innovantes\" \/>\n<meta property=\"og:url\" content=\"https:\/\/www.seteriemosconi.com\/fr\/production-cravates-foulards-et-echarpes-personnalises\/fibres-et-tissus-ecologiques\/fibres-innovantes\/\" \/>\n<meta property=\"og:site_name\" content=\"Seterie Mosconi\" \/>\n<meta property=\"article:publisher\" content=\"https:\/\/www.facebook.com\/SeterieMosconi\/\" \/>\n<meta property=\"article:modified_time\" content=\"2024-09-04T08:48:49+00:00\" \/>\n<meta property=\"og:image\" content=\"https:\/\/www.seteriemosconi.com\/wp-content\/uploads\/2022\/03\/cravatta-03-scalled.jpg\" \/>\n\t<meta property=\"og:image:width\" content=\"1200\" \/>\n\t<meta property=\"og:image:height\" content=\"1200\" \/>\n\t<meta property=\"og:image:type\" content=\"image\/jpeg\" \/>\n<meta name=\"twitter:card\" content=\"summary_large_image\" \/>\n<meta name=\"twitter:label1\" content=\"Dur\u00e9e de lecture estim\u00e9e\" \/>\n\t<meta name=\"twitter:data1\" content=\"1 minute\" \/>\n<script type=\"application\/ld+json\" class=\"yoast-schema-graph\">{\"@context\":\"https:\/\/schema.org\",\"@graph\":[{\"@type\":\"WebPage\",\"@id\":\"https:\/\/www.seteriemosconi.com\/fr\/production-cravates-foulards-et-echarpes-personnalises\/fibres-et-tissus-ecologiques\/fibres-innovantes\/\",\"url\":\"https:\/\/www.seteriemosconi.com\/fr\/production-cravates-foulards-et-echarpes-personnalises\/fibres-et-tissus-ecologiques\/fibres-innovantes\/\",\"name\":\"Tissus \u00e9cologiques - Fibres innovantes - Seterie Mosconi cravates\",\"isPartOf\":{\"@id\":\"https:\/\/www.seteriemosconi.com\/fr\/#website\"},\"datePublished\":\"2019-07-19T13:51:31+00:00\",\"dateModified\":\"2024-09-04T08:48:49+00:00\",\"description\":\"Seterie Mosconi produit des articles promotionnels italiens pour les entreprises avec des tissus \u00e9cologiques et \u00e9co-durables, comme Fibres innovantes\",\"breadcrumb\":{\"@id\":\"https:\/\/www.seteriemosconi.com\/fr\/production-cravates-foulards-et-echarpes-personnalises\/fibres-et-tissus-ecologiques\/fibres-innovantes\/#breadcrumb\"},\"inLanguage\":\"fr-FR\",\"potentialAction\":[{\"@type\":\"ReadAction\",\"target\":[\"https:\/\/www.seteriemosconi.com\/fr\/production-cravates-foulards-et-echarpes-personnalises\/fibres-et-tissus-ecologiques\/fibres-innovantes\/\"]}]},{\"@type\":\"BreadcrumbList\",\"@id\":\"https:\/\/www.seteriemosconi.com\/fr\/production-cravates-foulards-et-echarpes-personnalises\/fibres-et-tissus-ecologiques\/fibres-innovantes\/#breadcrumb\",\"itemListElement\":[{\"@type\":\"ListItem\",\"position\":1,\"name\":\"Home\",\"item\":\"https:\/\/www.seteriemosconi.com\/fr\/\"},{\"@type\":\"ListItem\",\"position\":2,\"name\":\"Production\",\"item\":\"https:\/\/www.seteriemosconi.com\/fr\/production-cravates-foulards-et-echarpes-personnalises\/\"},{\"@type\":\"ListItem\",\"position\":3,\"name\":\"Fibres et tissus \u00e9cologiques\",\"item\":\"https:\/\/www.seteriemosconi.com\/fr\/production-of-italian-promotional-products\/ecological-fibers-and-fabrics\/\"},{\"@type\":\"ListItem\",\"position\":4,\"name\":\"Fibres innovantes\"}]},{\"@type\":\"WebSite\",\"@id\":\"https:\/\/www.seteriemosconi.com\/fr\/#website\",\"url\":\"https:\/\/www.seteriemosconi.com\/fr\/\",\"name\":\"Seterie Mosconi\",\"description\":\"\",\"publisher\":{\"@id\":\"https:\/\/www.seteriemosconi.com\/fr\/#organization\"},\"alternateName\":\"Articoli promozionali per aziende\",\"potentialAction\":[{\"@type\":\"SearchAction\",\"target\":{\"@type\":\"EntryPoint\",\"urlTemplate\":\"https:\/\/www.seteriemosconi.com\/fr\/?s={search_term_string}\"},\"query-input\":{\"@type\":\"PropertyValueSpecification\",\"valueRequired\":true,\"valueName\":\"search_term_string\"}}],\"inLanguage\":\"fr-FR\"},{\"@type\":\"Organization\",\"@id\":\"https:\/\/www.seteriemosconi.com\/fr\/#organization\",\"name\":\"Seterie Mosconi\",\"alternateName\":\"Articoli promozionali per aziende\",\"url\":\"https:\/\/www.seteriemosconi.com\/fr\/\",\"logo\":{\"@type\":\"ImageObject\",\"inLanguage\":\"fr-FR\",\"@id\":\"https:\/\/www.seteriemosconi.com\/fr\/#\/schema\/logo\/image\/\",\"url\":\"https:\/\/www.seteriemosconi.com\/wp-content\/uploads\/2018\/01\/logo_mosconi-seteria.png\",\"contentUrl\":\"https:\/\/www.seteriemosconi.com\/wp-content\/uploads\/2018\/01\/logo_mosconi-seteria.png\",\"width\":500,\"height\":148,\"caption\":\"Seterie Mosconi\"},\"image\":{\"@id\":\"https:\/\/www.seteriemosconi.com\/fr\/#\/schema\/logo\/image\/\"},\"sameAs\":[\"https:\/\/www.facebook.com\/SeterieMosconi\/\",\"https:\/\/instagram.com\/seterie_mosconi\",\"https:\/\/www.linkedin.com\/company\/seterie-mosconi-ties-and-scarves\/\"]}]}<\/script>\n<!-- \/ Yoast SEO plugin. -->","yoast_head_json":{"title":"Tissus \u00e9cologiques - Fibres innovantes - Seterie Mosconi cravates","description":"Seterie Mosconi produit des articles promotionnels italiens pour les entreprises avec des tissus \u00e9cologiques et \u00e9co-durables, comme Fibres innovantes","robots":{"index":"index","follow":"follow","max-snippet":"max-snippet:-1","max-image-preview":"max-image-preview:large","max-video-preview":"max-video-preview:-1"},"canonical":"https:\/\/www.seteriemosconi.com\/fr\/production-cravates-foulards-et-echarpes-personnalises\/fibres-et-tissus-ecologiques\/fibres-innovantes\/","og_locale":"fr_FR","og_type":"article","og_title":"Tissus \u00e9cologiques - Fibres innovantes - Seterie Mosconi cravates","og_description":"Seterie Mosconi produit des articles promotionnels italiens pour les entreprises avec des tissus \u00e9cologiques et \u00e9co-durables, comme Fibres innovantes","og_url":"https:\/\/www.seteriemosconi.com\/fr\/production-cravates-foulards-et-echarpes-personnalises\/fibres-et-tissus-ecologiques\/fibres-innovantes\/","og_site_name":"Seterie Mosconi","article_publisher":"https:\/\/www.facebook.com\/SeterieMosconi\/","article_modified_time":"2024-09-04T08:48:49+00:00","og_image":[{"width":1200,"height":1200,"url":"https:\/\/www.seteriemosconi.com\/wp-content\/uploads\/2022\/03\/cravatta-03-scalled.jpg","type":"image\/jpeg"}],"twitter_card":"summary_large_image","twitter_misc":{"Dur\u00e9e de lecture estim\u00e9e":"1 minute"},"schema":{"@context":"https:\/\/schema.org","@graph":[{"@type":"WebPage","@id":"https:\/\/www.seteriemosconi.com\/fr\/production-cravates-foulards-et-echarpes-personnalises\/fibres-et-tissus-ecologiques\/fibres-innovantes\/","url":"https:\/\/www.seteriemosconi.com\/fr\/production-cravates-foulards-et-echarpes-personnalises\/fibres-et-tissus-ecologiques\/fibres-innovantes\/","name":"Tissus \u00e9cologiques - Fibres innovantes - Seterie Mosconi cravates","isPartOf":{"@id":"https:\/\/www.seteriemosconi.com\/fr\/#website"},"datePublished":"2019-07-19T13:51:31+00:00","dateModified":"2024-09-04T08:48:49+00:00","description":"Seterie Mosconi produit des articles promotionnels italiens pour les entreprises avec des tissus \u00e9cologiques et \u00e9co-durables, comme Fibres innovantes","breadcrumb":{"@id":"https:\/\/www.seteriemosconi.com\/fr\/production-cravates-foulards-et-echarpes-personnalises\/fibres-et-tissus-ecologiques\/fibres-innovantes\/#breadcrumb"},"inLanguage":"fr-FR","potentialAction":[{"@type":"ReadAction","target":["https:\/\/www.seteriemosconi.com\/fr\/production-cravates-foulards-et-echarpes-personnalises\/fibres-et-tissus-ecologiques\/fibres-innovantes\/"]}]},{"@type":"BreadcrumbList","@id":"https:\/\/www.seteriemosconi.com\/fr\/production-cravates-foulards-et-echarpes-personnalises\/fibres-et-tissus-ecologiques\/fibres-innovantes\/#breadcrumb","itemListElement":[{"@type":"ListItem","position":1,"name":"Home","item":"https:\/\/www.seteriemosconi.com\/fr\/"},{"@type":"ListItem","position":2,"name":"Production","item":"https:\/\/www.seteriemosconi.com\/fr\/production-cravates-foulards-et-echarpes-personnalises\/"},{"@type":"ListItem","position":3,"name":"Fibres et tissus \u00e9cologiques","item":"https:\/\/www.seteriemosconi.com\/fr\/production-of-italian-promotional-products\/ecological-fibers-and-fabrics\/"},{"@type":"ListItem","position":4,"name":"Fibres innovantes"}]},{"@type":"WebSite","@id":"https:\/\/www.seteriemosconi.com\/fr\/#website","url":"https:\/\/www.seteriemosconi.com\/fr\/","name":"Seterie Mosconi","description":"","publisher":{"@id":"https:\/\/www.seteriemosconi.com\/fr\/#organization"},"alternateName":"Articoli promozionali per aziende","potentialAction":[{"@type":"SearchAction","target":{"@type":"EntryPoint","urlTemplate":"https:\/\/www.seteriemosconi.com\/fr\/?s={search_term_string}"},"query-input":{"@type":"PropertyValueSpecification","valueRequired":true,"valueName":"search_term_string"}}],"inLanguage":"fr-FR"},{"@type":"Organization","@id":"https:\/\/www.seteriemosconi.com\/fr\/#organization","name":"Seterie Mosconi","alternateName":"Articoli promozionali per aziende","url":"https:\/\/www.seteriemosconi.com\/fr\/","logo":{"@type":"ImageObject","inLanguage":"fr-FR","@id":"https:\/\/www.seteriemosconi.com\/fr\/#\/schema\/logo\/image\/","url":"https:\/\/www.seteriemosconi.com\/wp-content\/uploads\/2018\/01\/logo_mosconi-seteria.png","contentUrl":"https:\/\/www.seteriemosconi.com\/wp-content\/uploads\/2018\/01\/logo_mosconi-seteria.png","width":500,"height":148,"caption":"Seterie Mosconi"},"image":{"@id":"https:\/\/www.seteriemosconi.com\/fr\/#\/schema\/logo\/image\/"},"sameAs":["https:\/\/www.facebook.com\/SeterieMosconi\/","https:\/\/instagram.com\/seterie_mosconi","https:\/\/www.linkedin.com\/company\/seterie-mosconi-ties-and-scarves\/"]}]}},"_links":{"self":[{"href":"https:\/\/www.seteriemosconi.com\/fr\/wp-json\/wp\/v2\/pages\/10939","targetHints":{"allow":["GET"]}}],"collection":[{"href":"https:\/\/www.seteriemosconi.com\/fr\/wp-json\/wp\/v2\/pages"}],"about":[{"href":"https:\/\/www.seteriemosconi.com\/fr\/wp-json\/wp\/v2\/types\/page"}],"author":[{"embeddable":true,"href":"https:\/\/www.seteriemosconi.com\/fr\/wp-json\/wp\/v2\/users\/1"}],"replies":[{"embeddable":true,"href":"https:\/\/www.seteriemosconi.com\/fr\/wp-json\/wp\/v2\/comments?post=10939"}],"version-history":[{"count":6,"href":"https:\/\/www.seteriemosconi.com\/fr\/wp-json\/wp\/v2\/pages\/10939\/revisions"}],"predecessor-version":[{"id":12756,"href":"https:\/\/www.seteriemosconi.com\/fr\/wp-json\/wp\/v2\/pages\/10939\/revisions\/12756"}],"up":[{"embeddable":true,"href":"https:\/\/www.seteriemosconi.com\/fr\/wp-json\/wp\/v2\/pages\/10831"}],"wp:attachment":[{"href":"https:\/\/www.seteriemosconi.com\/fr\/wp-json\/wp\/v2\/media?parent=10939"}],"curies":[{"name":"wp","href":"https:\/\/api.w.org\/{rel}","templated":true}]}}