{"id":11026,"date":"2019-07-18T16:23:33","date_gmt":"2019-07-18T15:23:33","guid":{"rendered":"https:\/\/www.seteriemosconi.com\/production-cravates-foulards-et-echarpes-personnalises\/fibres-et-tissus-ecologiques\/tessuti-ecologici-per-abbigliamento\/"},"modified":"2024-07-15T17:04:44","modified_gmt":"2024-07-15T16:04:44","slug":"tissus-ecologiques-pour-vetements","status":"publish","type":"page","link":"https:\/\/www.seteriemosconi.com\/fr\/production-cravates-foulards-et-echarpes-personnalises\/fibres-et-tissus-ecologiques\/tissus-ecologiques-pour-vetements\/","title":{"rendered":"Tissus \u00e9cologiques pour v\u00eatements"},"content":{"rendered":"<h1>Tissus \u00e9cologiques pour v\u00eatements<\/h1>\n<div>Innovation, recherche et soin de la qualit\u00e9<\/div>\n<div>\n<p>Vous aimez la mode dite durable ? Si la r\u00e9ponse est oui, <strong>Seterie Mosconi<\/strong> est faite pour vous.<\/p>\n<p>Depuis plus de 50 ans, l&rsquo;entreprise de Lipomo a su se tailler une place de choix sur la sc\u00e8ne nationale et internationale pour l&rsquo;utilisation de <strong>tissus \u00e9cologiques pour l&rsquo;habillement<\/strong>, gr\u00e2ce \u00e0 son tr\u00e8s haut niveau de qualit\u00e9. Il s&rsquo;agit de produits capables de r\u00e9duire l&rsquo;impact de l&rsquo;ensemble du cycle de production d&rsquo;un v\u00eatement.<\/p>\n<p>Un choix qui vise \u00e0 <strong>lutter contre la pollution de l&rsquo;environnement<\/strong>. Garantir, en effet, des produits de la plus haute qualit\u00e9 et en m\u00eame temps hautement \u00e9cologiques, peut, sans l&rsquo;ombre d&rsquo;un doute, favoriser un changement radical dans la mentalit\u00e9 des acheteurs.<\/p>\n<p>Dans une industrie comme le textile, qui consomme le plus d&rsquo;eau au monde et qui est responsable de l&rsquo;\u00e9mission de gaz \u00e0 effet de serre dans l&rsquo;atmosph\u00e8re, produire et mettre \u00e0 la disposition du public des produits d&rsquo;habillement fabriqu\u00e9s \u00e0 partir de <strong>tissus respectueux de l&rsquo;environnement<\/strong> est un grand signe de renouveau et un exemple pour les g\u00e9n\u00e9rations futures. Les <strong>textiles \u00e9cologiques destin\u00e9s \u00e0 l&rsquo;habillement<\/strong> permettent non seulement de <strong>r\u00e9duire l&rsquo;impact sur l&rsquo;environnement<\/strong>, mais aussi de diminuer de mani\u00e8re significative la souffrance de millions d&rsquo;animaux.<\/p>\n<\/div>\n<p><img decoding=\"async\" src=\"\/wp-content\/uploads\/2022\/03\/logo-certificazioni.jpg\" alt=\"\"><\/p>\n<p><!--more--><br \/>\n<!-- {\"type\":\"layout\",\"children\":[{\"type\":\"section\",\"props\":{\"image_position\":\"center-center\",\"media_overlay\":\"rgba(255, 255, 255, 0.26)\",\"style\":\"muted\",\"title_breakpoint\":\"xl\",\"title_position\":\"top-left\",\"title_rotation\":\"left\",\"vertical_align\":\"\",\"width\":\"default\"},\"children\":[{\"type\":\"row\",\"props\":{\"column_gap\":\"large\",\"layout\":\"3-4,1-4\",\"row_gap\":\"large\"},\"children\":[{\"type\":\"column\",\"props\":{\"image_position\":\"center-center\",\"position_sticky_breakpoint\":\"m\",\"width_medium\":\"3-4\"},\"children\":[{\"type\":\"headline\",\"props\":{\"content\":\"Tissus \\u00e9cologiques pour v\\u00eatements\",\"margin\":\"small\",\"text_align\":\"left\",\"text_align_breakpoint\":\"m\",\"text_align_fallback\":\"center\",\"title_color\":\"primary\",\"title_decoration\":\"line\",\"title_element\":\"h1\",\"title_style\":\"heading-medium\"}},{\"type\":\"headline\",\"props\":{\"content\":\"Innovation, recherche et soin de la qualit\\u00e9\",\"margin\":\"default\",\"margin_remove_top\":true,\"text_align\":\"left\",\"text_align_breakpoint\":\"m\",\"text_align_fallback\":\"center\",\"title_element\":\"div\",\"title_font_family\":\"secondary\",\"title_style\":\"h5\"}}]},{\"type\":\"column\",\"props\":{\"image_position\":\"center-center\",\"position_sticky_breakpoint\":\"m\",\"vertical_align\":\"middle\",\"width_medium\":\"1-4\"}}]}],\"name\":\"sezione Hero pagine interne\"},{\"type\":\"section\",\"props\":{\"image_position\":\"center-center\",\"padding\":\"none\",\"style\":\"default\",\"title_breakpoint\":\"xl\",\"title_position\":\"top-left\",\"title_rotation\":\"left\",\"vertical_align\":\"\",\"width\":\"default\"},\"children\":[{\"type\":\"row\",\"children\":[{\"type\":\"column\",\"props\":{\"image_position\":\"center-center\",\"position_sticky_breakpoint\":\"m\"},\"children\":[{\"type\":\"breadcrumbs\",\"props\":{\"show_current\":true,\"show_home\":true}}]}]}],\"name\":\"sezione Breadcrumbs\"},{\"name\":\"About\",\"type\":\"section\",\"props\":{\"image_position\":\"center-center\",\"padding\":\"none\",\"style\":\"default\",\"title_breakpoint\":\"xl\",\"title_position\":\"top-left\",\"title_rotation\":\"left\",\"vertical_align\":\"\",\"width\":\"small\"},\"children\":[{\"type\":\"row\",\"props\":{\"column_gap\":\"medium\",\"divider\":false,\"match\":false,\"row_gap\":\"medium\",\"vertical_align\":false},\"children\":[{\"type\":\"column\",\"props\":{\"image_position\":\"center-center\",\"padding\":\"small\",\"position_sticky_breakpoint\":\"m\",\"style\":\"tile-default\"},\"children\":[{\"type\":\"text\",\"props\":{\"column_breakpoint\":\"m\",\"content\":\"\n\n<p>Vous aimez la mode dite durable ? Si la r\\u00e9ponse est oui, <strong>Seterie Mosconi<\\\/strong> est faite pour vous.<\\\/p>\\n\n\n<p>Depuis plus de 50 ans, l'entreprise de Lipomo a su se tailler une place de choix sur la sc\\u00e8ne nationale et internationale pour l'utilisation de <strong>tissus \\u00e9cologiques pour l'habillement<\\\/strong>, gr\\u00e2ce \\u00e0 son tr\\u00e8s haut niveau de qualit\\u00e9. Il s'agit de produits capables de r\\u00e9duire l'impact de l'ensemble du cycle de production d'un v\\u00eatement.<\\\/p>\\n\n\n<p>Un choix qui vise \\u00e0 <strong>lutter contre la pollution de l'environnement<\\\/strong>. Garantir, en effet, des produits de la plus haute qualit\\u00e9 et en m\\u00eame temps hautement \\u00e9cologiques, peut, sans l'ombre d'un doute, favoriser un changement radical dans la mentalit\\u00e9 des acheteurs.<\\\/p>\\n\n\n<p>Dans une industrie comme le textile, qui consomme le plus d'eau au monde et qui est responsable de l'\\u00e9mission de gaz \\u00e0 effet de serre dans l'atmosph\\u00e8re, produire et mettre \\u00e0 la disposition du public des produits d'habillement fabriqu\\u00e9s \\u00e0 partir de <strong>tissus respectueux de l'environnement<\\\/strong> est un grand signe de renouveau et un exemple pour les g\\u00e9n\\u00e9rations futures. Les <strong>textiles \\u00e9cologiques destin\\u00e9s \\u00e0 l'habillement<\\\/strong> permettent non seulement de <strong>r\\u00e9duire l'impact sur l'environnement<\\\/strong>, mais aussi de diminuer de mani\\u00e8re significative la souffrance de millions d'animaux.<\\\/p>\",\"margin\":\"default\"}},{\"type\":\"image\",\"props\":{\"image\":\"wp-content\\\/uploads\\\/2022\\\/03\\\/logo-certificazioni.jpg\",\"image_svg_color\":\"emphasis\",\"margin\":\"default\"}}]}]}]}],\"version\":\"4.4.5\"} --><\/p>\n","protected":false},"excerpt":{"rendered":"<p>Tissus \u00e9cologiques pour v\u00eatements Innovation, recherche et soin de la qualit\u00e9 Vous aimez la mode dite durable ? Si la r\u00e9ponse est oui, Seterie Mosconi est faite pour vous. Depuis plus de 50 ans, l&rsquo;entreprise de Lipomo a su se tailler une place de choix sur la sc\u00e8ne nationale et internationale pour l&rsquo;utilisation de tissus [&hellip;]<\/p>\n","protected":false},"author":1,"featured_media":0,"parent":10831,"menu_order":0,"comment_status":"closed","ping_status":"closed","template":"","meta":{"_acf_changed":false,"footnotes":""},"class_list":["post-11026","page","type-page","status-publish","hentry"],"acf":[],"yoast_head":"<!-- This site is optimized with the Yoast SEO plugin v24.6 - https:\/\/yoast.com\/wordpress\/plugins\/seo\/ -->\n<title>Tissus \u00e9cologiques - Tissus \u00e9cologiques pour v\u00eatements - Seterie Mosconi cravates<\/title>\n<meta name=\"description\" content=\"Seterie Mosconi produit des articles promotionnels italiens pour les entreprises avec des tissus \u00e9cologiques et \u00e9co-durables, comme Tissus \u00e9cologiques pour v\u00eatements\" \/>\n<meta name=\"robots\" content=\"index, follow, max-snippet:-1, max-image-preview:large, max-video-preview:-1\" \/>\n<link rel=\"canonical\" href=\"https:\/\/www.seteriemosconi.com\/fr\/production-cravates-foulards-et-echarpes-personnalises\/fibres-et-tissus-ecologiques\/tissus-ecologiques-pour-vetements\/\" \/>\n<meta property=\"og:locale\" content=\"fr_FR\" \/>\n<meta property=\"og:type\" content=\"article\" \/>\n<meta property=\"og:title\" content=\"Tissus \u00e9cologiques - Tissus \u00e9cologiques pour v\u00eatements - Seterie Mosconi cravates\" \/>\n<meta property=\"og:description\" content=\"Seterie Mosconi produit des articles promotionnels italiens pour les entreprises avec des tissus \u00e9cologiques et \u00e9co-durables, comme Tissus \u00e9cologiques pour v\u00eatements\" \/>\n<meta property=\"og:url\" content=\"https:\/\/www.seteriemosconi.com\/fr\/production-cravates-foulards-et-echarpes-personnalises\/fibres-et-tissus-ecologiques\/tissus-ecologiques-pour-vetements\/\" \/>\n<meta property=\"og:site_name\" content=\"Seterie Mosconi\" \/>\n<meta property=\"article:publisher\" content=\"https:\/\/www.facebook.com\/SeterieMosconi\/\" \/>\n<meta property=\"article:modified_time\" content=\"2024-07-15T16:04:44+00:00\" \/>\n<meta property=\"og:image\" content=\"https:\/\/www.seteriemosconi.com\/wp-content\/uploads\/2022\/03\/cravatta-03-scalled.jpg\" \/>\n\t<meta property=\"og:image:width\" content=\"1200\" \/>\n\t<meta property=\"og:image:height\" content=\"1200\" \/>\n\t<meta property=\"og:image:type\" content=\"image\/jpeg\" \/>\n<meta name=\"twitter:card\" content=\"summary_large_image\" \/>\n<meta name=\"twitter:label1\" content=\"Dur\u00e9e de lecture estim\u00e9e\" \/>\n\t<meta name=\"twitter:data1\" content=\"1 minute\" \/>\n<script type=\"application\/ld+json\" class=\"yoast-schema-graph\">{\"@context\":\"https:\/\/schema.org\",\"@graph\":[{\"@type\":\"WebPage\",\"@id\":\"https:\/\/www.seteriemosconi.com\/fr\/production-cravates-foulards-et-echarpes-personnalises\/fibres-et-tissus-ecologiques\/tissus-ecologiques-pour-vetements\/\",\"url\":\"https:\/\/www.seteriemosconi.com\/fr\/production-cravates-foulards-et-echarpes-personnalises\/fibres-et-tissus-ecologiques\/tissus-ecologiques-pour-vetements\/\",\"name\":\"Tissus \u00e9cologiques - Tissus \u00e9cologiques pour v\u00eatements - Seterie Mosconi cravates\",\"isPartOf\":{\"@id\":\"https:\/\/www.seteriemosconi.com\/fr\/#website\"},\"datePublished\":\"2019-07-18T15:23:33+00:00\",\"dateModified\":\"2024-07-15T16:04:44+00:00\",\"description\":\"Seterie Mosconi produit des articles promotionnels italiens pour les entreprises avec des tissus \u00e9cologiques et \u00e9co-durables, comme Tissus \u00e9cologiques pour v\u00eatements\",\"breadcrumb\":{\"@id\":\"https:\/\/www.seteriemosconi.com\/fr\/production-cravates-foulards-et-echarpes-personnalises\/fibres-et-tissus-ecologiques\/tissus-ecologiques-pour-vetements\/#breadcrumb\"},\"inLanguage\":\"fr-FR\",\"potentialAction\":[{\"@type\":\"ReadAction\",\"target\":[\"https:\/\/www.seteriemosconi.com\/fr\/production-cravates-foulards-et-echarpes-personnalises\/fibres-et-tissus-ecologiques\/tissus-ecologiques-pour-vetements\/\"]}]},{\"@type\":\"BreadcrumbList\",\"@id\":\"https:\/\/www.seteriemosconi.com\/fr\/production-cravates-foulards-et-echarpes-personnalises\/fibres-et-tissus-ecologiques\/tissus-ecologiques-pour-vetements\/#breadcrumb\",\"itemListElement\":[{\"@type\":\"ListItem\",\"position\":1,\"name\":\"Home\",\"item\":\"https:\/\/www.seteriemosconi.com\/fr\/\"},{\"@type\":\"ListItem\",\"position\":2,\"name\":\"Production\",\"item\":\"https:\/\/www.seteriemosconi.com\/fr\/production-cravates-foulards-et-echarpes-personnalises\/\"},{\"@type\":\"ListItem\",\"position\":3,\"name\":\"Fibres et tissus \u00e9cologiques\",\"item\":\"https:\/\/www.seteriemosconi.com\/fr\/production-of-italian-promotional-products\/ecological-fibers-and-fabrics\/\"},{\"@type\":\"ListItem\",\"position\":4,\"name\":\"Tissus \u00e9cologiques pour v\u00eatements\"}]},{\"@type\":\"WebSite\",\"@id\":\"https:\/\/www.seteriemosconi.com\/fr\/#website\",\"url\":\"https:\/\/www.seteriemosconi.com\/fr\/\",\"name\":\"Seterie Mosconi\",\"description\":\"\",\"publisher\":{\"@id\":\"https:\/\/www.seteriemosconi.com\/fr\/#organization\"},\"alternateName\":\"Articoli promozionali per aziende\",\"potentialAction\":[{\"@type\":\"SearchAction\",\"target\":{\"@type\":\"EntryPoint\",\"urlTemplate\":\"https:\/\/www.seteriemosconi.com\/fr\/?s={search_term_string}\"},\"query-input\":{\"@type\":\"PropertyValueSpecification\",\"valueRequired\":true,\"valueName\":\"search_term_string\"}}],\"inLanguage\":\"fr-FR\"},{\"@type\":\"Organization\",\"@id\":\"https:\/\/www.seteriemosconi.com\/fr\/#organization\",\"name\":\"Seterie Mosconi\",\"alternateName\":\"Articoli promozionali per aziende\",\"url\":\"https:\/\/www.seteriemosconi.com\/fr\/\",\"logo\":{\"@type\":\"ImageObject\",\"inLanguage\":\"fr-FR\",\"@id\":\"https:\/\/www.seteriemosconi.com\/fr\/#\/schema\/logo\/image\/\",\"url\":\"https:\/\/www.seteriemosconi.com\/wp-content\/uploads\/2018\/01\/logo_mosconi-seteria.png\",\"contentUrl\":\"https:\/\/www.seteriemosconi.com\/wp-content\/uploads\/2018\/01\/logo_mosconi-seteria.png\",\"width\":500,\"height\":148,\"caption\":\"Seterie Mosconi\"},\"image\":{\"@id\":\"https:\/\/www.seteriemosconi.com\/fr\/#\/schema\/logo\/image\/\"},\"sameAs\":[\"https:\/\/www.facebook.com\/SeterieMosconi\/\",\"https:\/\/instagram.com\/seterie_mosconi\",\"https:\/\/www.linkedin.com\/company\/seterie-mosconi-ties-and-scarves\/\"]}]}<\/script>\n<!-- \/ Yoast SEO plugin. -->","yoast_head_json":{"title":"Tissus \u00e9cologiques - Tissus \u00e9cologiques pour v\u00eatements - Seterie Mosconi cravates","description":"Seterie Mosconi produit des articles promotionnels italiens pour les entreprises avec des tissus \u00e9cologiques et \u00e9co-durables, comme Tissus \u00e9cologiques pour v\u00eatements","robots":{"index":"index","follow":"follow","max-snippet":"max-snippet:-1","max-image-preview":"max-image-preview:large","max-video-preview":"max-video-preview:-1"},"canonical":"https:\/\/www.seteriemosconi.com\/fr\/production-cravates-foulards-et-echarpes-personnalises\/fibres-et-tissus-ecologiques\/tissus-ecologiques-pour-vetements\/","og_locale":"fr_FR","og_type":"article","og_title":"Tissus \u00e9cologiques - Tissus \u00e9cologiques pour v\u00eatements - Seterie Mosconi cravates","og_description":"Seterie Mosconi produit des articles promotionnels italiens pour les entreprises avec des tissus \u00e9cologiques et \u00e9co-durables, comme Tissus \u00e9cologiques pour v\u00eatements","og_url":"https:\/\/www.seteriemosconi.com\/fr\/production-cravates-foulards-et-echarpes-personnalises\/fibres-et-tissus-ecologiques\/tissus-ecologiques-pour-vetements\/","og_site_name":"Seterie Mosconi","article_publisher":"https:\/\/www.facebook.com\/SeterieMosconi\/","article_modified_time":"2024-07-15T16:04:44+00:00","og_image":[{"width":1200,"height":1200,"url":"https:\/\/www.seteriemosconi.com\/wp-content\/uploads\/2022\/03\/cravatta-03-scalled.jpg","type":"image\/jpeg"}],"twitter_card":"summary_large_image","twitter_misc":{"Dur\u00e9e de lecture estim\u00e9e":"1 minute"},"schema":{"@context":"https:\/\/schema.org","@graph":[{"@type":"WebPage","@id":"https:\/\/www.seteriemosconi.com\/fr\/production-cravates-foulards-et-echarpes-personnalises\/fibres-et-tissus-ecologiques\/tissus-ecologiques-pour-vetements\/","url":"https:\/\/www.seteriemosconi.com\/fr\/production-cravates-foulards-et-echarpes-personnalises\/fibres-et-tissus-ecologiques\/tissus-ecologiques-pour-vetements\/","name":"Tissus \u00e9cologiques - Tissus \u00e9cologiques pour v\u00eatements - Seterie Mosconi cravates","isPartOf":{"@id":"https:\/\/www.seteriemosconi.com\/fr\/#website"},"datePublished":"2019-07-18T15:23:33+00:00","dateModified":"2024-07-15T16:04:44+00:00","description":"Seterie Mosconi produit des articles promotionnels italiens pour les entreprises avec des tissus \u00e9cologiques et \u00e9co-durables, comme Tissus \u00e9cologiques pour v\u00eatements","breadcrumb":{"@id":"https:\/\/www.seteriemosconi.com\/fr\/production-cravates-foulards-et-echarpes-personnalises\/fibres-et-tissus-ecologiques\/tissus-ecologiques-pour-vetements\/#breadcrumb"},"inLanguage":"fr-FR","potentialAction":[{"@type":"ReadAction","target":["https:\/\/www.seteriemosconi.com\/fr\/production-cravates-foulards-et-echarpes-personnalises\/fibres-et-tissus-ecologiques\/tissus-ecologiques-pour-vetements\/"]}]},{"@type":"BreadcrumbList","@id":"https:\/\/www.seteriemosconi.com\/fr\/production-cravates-foulards-et-echarpes-personnalises\/fibres-et-tissus-ecologiques\/tissus-ecologiques-pour-vetements\/#breadcrumb","itemListElement":[{"@type":"ListItem","position":1,"name":"Home","item":"https:\/\/www.seteriemosconi.com\/fr\/"},{"@type":"ListItem","position":2,"name":"Production","item":"https:\/\/www.seteriemosconi.com\/fr\/production-cravates-foulards-et-echarpes-personnalises\/"},{"@type":"ListItem","position":3,"name":"Fibres et tissus \u00e9cologiques","item":"https:\/\/www.seteriemosconi.com\/fr\/production-of-italian-promotional-products\/ecological-fibers-and-fabrics\/"},{"@type":"ListItem","position":4,"name":"Tissus \u00e9cologiques pour v\u00eatements"}]},{"@type":"WebSite","@id":"https:\/\/www.seteriemosconi.com\/fr\/#website","url":"https:\/\/www.seteriemosconi.com\/fr\/","name":"Seterie Mosconi","description":"","publisher":{"@id":"https:\/\/www.seteriemosconi.com\/fr\/#organization"},"alternateName":"Articoli promozionali per aziende","potentialAction":[{"@type":"SearchAction","target":{"@type":"EntryPoint","urlTemplate":"https:\/\/www.seteriemosconi.com\/fr\/?s={search_term_string}"},"query-input":{"@type":"PropertyValueSpecification","valueRequired":true,"valueName":"search_term_string"}}],"inLanguage":"fr-FR"},{"@type":"Organization","@id":"https:\/\/www.seteriemosconi.com\/fr\/#organization","name":"Seterie Mosconi","alternateName":"Articoli promozionali per aziende","url":"https:\/\/www.seteriemosconi.com\/fr\/","logo":{"@type":"ImageObject","inLanguage":"fr-FR","@id":"https:\/\/www.seteriemosconi.com\/fr\/#\/schema\/logo\/image\/","url":"https:\/\/www.seteriemosconi.com\/wp-content\/uploads\/2018\/01\/logo_mosconi-seteria.png","contentUrl":"https:\/\/www.seteriemosconi.com\/wp-content\/uploads\/2018\/01\/logo_mosconi-seteria.png","width":500,"height":148,"caption":"Seterie Mosconi"},"image":{"@id":"https:\/\/www.seteriemosconi.com\/fr\/#\/schema\/logo\/image\/"},"sameAs":["https:\/\/www.facebook.com\/SeterieMosconi\/","https:\/\/instagram.com\/seterie_mosconi","https:\/\/www.linkedin.com\/company\/seterie-mosconi-ties-and-scarves\/"]}]}},"_links":{"self":[{"href":"https:\/\/www.seteriemosconi.com\/fr\/wp-json\/wp\/v2\/pages\/11026","targetHints":{"allow":["GET"]}}],"collection":[{"href":"https:\/\/www.seteriemosconi.com\/fr\/wp-json\/wp\/v2\/pages"}],"about":[{"href":"https:\/\/www.seteriemosconi.com\/fr\/wp-json\/wp\/v2\/types\/page"}],"author":[{"embeddable":true,"href":"https:\/\/www.seteriemosconi.com\/fr\/wp-json\/wp\/v2\/users\/1"}],"replies":[{"embeddable":true,"href":"https:\/\/www.seteriemosconi.com\/fr\/wp-json\/wp\/v2\/comments?post=11026"}],"version-history":[{"count":4,"href":"https:\/\/www.seteriemosconi.com\/fr\/wp-json\/wp\/v2\/pages\/11026\/revisions"}],"predecessor-version":[{"id":11032,"href":"https:\/\/www.seteriemosconi.com\/fr\/wp-json\/wp\/v2\/pages\/11026\/revisions\/11032"}],"up":[{"embeddable":true,"href":"https:\/\/www.seteriemosconi.com\/fr\/wp-json\/wp\/v2\/pages\/10831"}],"wp:attachment":[{"href":"https:\/\/www.seteriemosconi.com\/fr\/wp-json\/wp\/v2\/media?parent=11026"}],"curies":[{"name":"wp","href":"https:\/\/api.w.org\/{rel}","templated":true}]}}